{"id":1370,"date":"2026-01-09T11:44:33","date_gmt":"2026-01-09T11:44:33","guid":{"rendered":"https:\/\/coominobras.coop\/wordpress\/?page_id=1370"},"modified":"2026-03-17T17:13:17","modified_gmt":"2026-03-17T17:13:17","slug":"documentos-regimen-especial","status":"publish","type":"page","link":"https:\/\/coominobras.coop\/index.php\/documentos-regimen-especial\/","title":{"rendered":"Documentos R\u00e9gimen Especial"},"content":{"rendered":"<div id='av_section_1'  class='avia-section av-4w5riy-cc8efe89e5dc51d986f9471a95c30579 main_color avia-section-default avia-no-border-styling  avia-builder-el-0  el_before_av_section  avia-builder-el-first  avia-bg-style-scroll container_wrap sidebar_right'  ><div class='container av-section-cont-open' ><main  role=\"main\" itemprop=\"mainContentOfPage\"  class='template-page content  av-content-small alpha units'><div class='post-entry post-entry-type-page post-entry-1370'><div class='entry-content-wrapper clearfix'>\n<style type=\"text\/css\" data-created_by=\"avia_inline_auto\" id=\"style-css-av-mk6t8tff-95ab36ea630b82234ab7a75dc57d6afe\">\n#top .av-special-heading.av-mk6t8tff-95ab36ea630b82234ab7a75dc57d6afe{\npadding-bottom:10px;\ncolor:#000000;\n}\nbody .av-special-heading.av-mk6t8tff-95ab36ea630b82234ab7a75dc57d6afe .av-special-heading-tag .heading-char{\nfont-size:25px;\n}\n.av-special-heading.av-mk6t8tff-95ab36ea630b82234ab7a75dc57d6afe .special-heading-inner-border{\nborder-color:#000000;\n}\n.av-special-heading.av-mk6t8tff-95ab36ea630b82234ab7a75dc57d6afe .av-subheading{\nfont-size:15px;\ncolor:#000000;\n}\nbody .av-special-heading.av-mk6t8tff-95ab36ea630b82234ab7a75dc57d6afe .av-special-heading-tag .heading-wrap:before{\nborder-color:#000000;\n}\nbody .av-special-heading.av-mk6t8tff-95ab36ea630b82234ab7a75dc57d6afe .av-special-heading-tag .heading-wrap:after{\nborder-color:#000000;\n}\n<\/style>\n<div  class='av-special-heading av-mk6t8tff-95ab36ea630b82234ab7a75dc57d6afe av-special-heading-h3 custom-color-heading blockquote modern-quote modern-centered  avia-builder-el-1  avia-builder-el-no-sibling '><h3 class='av-special-heading-tag '  itemprop=\"headline\"  >Documentos R\u00e9gimen Especial<\/h3><div class='av_custom_color av-subheading av-subheading_below'><p>DOCUMENTOS QUE ACREDITAN A LA COOPERATIVA COOMINOBRAS COMO ENTIDAD DEL R\u00c9GIMEN ESPECIAL<\/p>\n<\/div><div class=\"special-heading-border\"><div class=\"special-heading-inner-border\"><\/div><\/div><\/div>\n<\/div><\/div><\/main><!-- close content main element --><\/div><\/div>\n<style type=\"text\/css\" data-created_by=\"avia_inline_auto\" id=\"style-css-av-mk6tx7n5-91e69873ae6930b6d04c9b335168cbe9\">\n.avia-section.av-mk6tx7n5-91e69873ae6930b6d04c9b335168cbe9{\nbackground-color:#0d8717;\nbackground-image:unset;\n}\n<\/style>\n<div id='av_section_2'  class='avia-section av-mk6tx7n5-91e69873ae6930b6d04c9b335168cbe9 main_color avia-section-default avia-no-border-styling  avia-builder-el-2  el_after_av_section  avia-builder-el-last  avia-bg-style-scroll container_wrap sidebar_right'  ><div class='container av-section-cont-open' ><div class='template-page content  av-content-small alpha units'><div class='post-entry post-entry-type-page post-entry-1370'><div class='entry-content-wrapper clearfix'>\n<div  class='flex_column av-3ak2qy-ae61ffba05d078578f97271100951f51 av_one_full  avia-builder-el-3  avia-builder-el-no-sibling  first flex_column_div  '     ><style type=\"text\/css\" data-created_by=\"avia_inline_auto\" id=\"style-css-av-mk6tmjur-fd45a20a2c48137f4acd2df1144c0a0b\">\n#top .avia-icon-list-container.av-mk6tmjur-fd45a20a2c48137f4acd2df1144c0a0b .iconlist_icon{\ncolor:#0d8717;\nbackground-color:#ffffff;\nborder:1px solid #0d8717;\n}\n#top .avia-icon-list-container.av-mk6tmjur-fd45a20a2c48137f4acd2df1144c0a0b .iconlist_icon svg:first-child{\nstroke:#0d8717;\nfill:#0d8717;\n}\n#top #wrap_all .avia-icon-list-container.av-mk6tmjur-fd45a20a2c48137f4acd2df1144c0a0b .av_iconlist_title{\ncolor:#ffffff;\n}\n.avia-icon-list-container.av-mk6tmjur-fd45a20a2c48137f4acd2df1144c0a0b .iconlist_content{\ncolor:#ffffff;\n}\n<\/style>\n<div  class='avia-icon-list-container av-mk6tmjur-fd45a20a2c48137f4acd2df1144c0a0b  avia-builder-el-4  avia-builder-el-no-sibling '><ul class='avia-icon-list avia_animate_when_almost_visible avia-icon-list-left av-iconlist-big av-mk6tmjur-fd45a20a2c48137f4acd2df1144c0a0b avia-iconlist-animate'><li><a href='https:\/\/coominobras.coop\/wp-content\/uploads\/2026\/01\/ACTA-XCII-Asamblea-General-Ordinaria-de-Delegados.pdf' title='Acta Asamblea General Ordinaria 2025'  target=\"_blank\"  rel=\"noopener noreferrer\" class='iconlist_icon av-mk6tbht9-74fad2ef624788b8f4d7e26274001fbc avia-font-svg_entypo-fontello avia-svg-icon avia-font-svg_entypo-fontello'><span class='av-icon-char' data-av_svg_icon='download' data-av_iconset='svg_entypo-fontello'><svg version=\"1.1\" xmlns=\"http:\/\/www.w3.org\/2000\/svg\" width=\"32\" height=\"32\" viewBox=\"0 0 32 32\" preserveAspectRatio=\"xMidYMid meet\" aria-labelledby='av-svg-title-1' aria-describedby='av-svg-desc-1' role=\"graphics-symbol\" aria-hidden=\"true\">\n<title id='av-svg-title-1'>Download<\/title>\n<desc id='av-svg-desc-1'>Download<\/desc>\n<path d=\"M30.976 20.864q0.576 0.32 0.864 1.024t0.096 1.28l-0.896 4.928q-0.128 0.64-0.704 1.056t-1.28 0.416h-26.112q-0.704 0-1.28-0.416t-0.704-1.056l-0.896-4.928q-0.32-1.536 1.024-2.304l5.056-3.456h3.136l-5.44 4.16h5.696q0.256 0 0.384 0.256l1.28 3.52h9.6l1.28-3.52q0.256-0.256 0.384-0.256h5.696l-5.44-4.16h3.136zM24.32 10.56l-8.32 7.808-8.32-7.808h5.312v-8.192h6.080v8.192h5.248z\"><\/path>\n<\/svg><\/span><\/a><article class=\"article-icon-entry av-iconlist-empty\"  itemscope=\"itemscope\" itemtype=\"https:\/\/schema.org\/CreativeWork\" ><div class=\"iconlist_content_wrap\"><header class=\"entry-content-header\" aria-label=\"Icon: &lt;a href=&#039;https:\/\/coominobras.coop\/wp-content\/uploads\/2026\/01\/ACTA-XCII-Asamblea-General-Ordinaria-de-Delegados.pdf&#039; title=&#039;Acta Asamblea General Ordinaria 2025&#039; target=&quot;_blank&quot;  rel=&quot;noopener noreferrer&quot;&gt;Acta Asamblea General Ordinaria 2025&lt;\/a&gt;\"><h4 class='av_iconlist_title iconlist_title  av_inherit_color'  itemprop=\"headline\" ><a href='https:\/\/coominobras.coop\/wp-content\/uploads\/2026\/01\/ACTA-XCII-Asamblea-General-Ordinaria-de-Delegados.pdf' title='Acta Asamblea General Ordinaria 2025' target=\"_blank\"  rel=\"noopener noreferrer\">Acta Asamblea General Ordinaria 2025<\/a><\/h4><\/header><div class='iconlist_content av_inherit_color'  itemprop=\"text\" ><\/div><\/div><footer class=\"entry-footer\"><\/footer><\/article><div class=\"iconlist-timeline\"><\/div><\/li><li><a href='https:\/\/coominobras.coop\/wp-content\/uploads\/2026\/01\/2.-Informe-de-Gestion-de-la-Administracion-Gestion-2024.pdf' title='Balance Social y Econ\u00f3mico 2024'  target=\"_blank\"  rel=\"noopener noreferrer\" class='iconlist_icon av-mk6tg9ck-9e8a86fb289d7575df5b363f1caf4107 avia-font-svg_entypo-fontello avia-svg-icon avia-font-svg_entypo-fontello'><span class='av-icon-char' data-av_svg_icon='download' data-av_iconset='svg_entypo-fontello'><svg version=\"1.1\" xmlns=\"http:\/\/www.w3.org\/2000\/svg\" width=\"32\" height=\"32\" viewBox=\"0 0 32 32\" preserveAspectRatio=\"xMidYMid meet\" aria-labelledby='av-svg-title-2' aria-describedby='av-svg-desc-2' role=\"graphics-symbol\" aria-hidden=\"true\">\n<title id='av-svg-title-2'>Download<\/title>\n<desc id='av-svg-desc-2'>Download<\/desc>\n<path d=\"M30.976 20.864q0.576 0.32 0.864 1.024t0.096 1.28l-0.896 4.928q-0.128 0.64-0.704 1.056t-1.28 0.416h-26.112q-0.704 0-1.28-0.416t-0.704-1.056l-0.896-4.928q-0.32-1.536 1.024-2.304l5.056-3.456h3.136l-5.44 4.16h5.696q0.256 0 0.384 0.256l1.28 3.52h9.6l1.28-3.52q0.256-0.256 0.384-0.256h5.696l-5.44-4.16h3.136zM24.32 10.56l-8.32 7.808-8.32-7.808h5.312v-8.192h6.080v8.192h5.248z\"><\/path>\n<\/svg><\/span><\/a><article class=\"article-icon-entry av-iconlist-empty\"  itemscope=\"itemscope\" itemtype=\"https:\/\/schema.org\/CreativeWork\" ><div class=\"iconlist_content_wrap\"><header class=\"entry-content-header\" aria-label=\"Icon: &lt;a href=&#039;https:\/\/coominobras.coop\/wp-content\/uploads\/2026\/01\/2.-Informe-de-Gestion-de-la-Administracion-Gestion-2024.pdf&#039; title=&#039;Balance Social y Econ\u00f3mico 2024&#039; target=&quot;_blank&quot;  rel=&quot;noopener noreferrer&quot;&gt;Balance Social y Econ\u00f3mico 2024&lt;\/a&gt;\"><h4 class='av_iconlist_title iconlist_title  av_inherit_color'  itemprop=\"headline\" ><a href='https:\/\/coominobras.coop\/wp-content\/uploads\/2026\/01\/2.-Informe-de-Gestion-de-la-Administracion-Gestion-2024.pdf' title='Balance Social y Econ\u00f3mico 2024' target=\"_blank\"  rel=\"noopener noreferrer\">Balance Social y Econ\u00f3mico 2024<\/a><\/h4><\/header><div class='iconlist_content av_inherit_color'  itemprop=\"text\" ><\/div><\/div><footer class=\"entry-footer\"><\/footer><\/article><div class=\"iconlist-timeline\"><\/div><\/li><li><a href='https:\/\/coominobras.coop\/wp-content\/uploads\/2026\/01\/4.-Estados-Financieros-2024.pdf' title='Estados Financieros 2024'  target=\"_blank\"  rel=\"noopener noreferrer\" class='iconlist_icon av-mk6tgtvb-c50ea9f77062eccbe8cab45e3f206bea avia-font-svg_entypo-fontello avia-svg-icon avia-font-svg_entypo-fontello'><span class='av-icon-char' data-av_svg_icon='download' data-av_iconset='svg_entypo-fontello'><svg version=\"1.1\" xmlns=\"http:\/\/www.w3.org\/2000\/svg\" width=\"32\" height=\"32\" viewBox=\"0 0 32 32\" preserveAspectRatio=\"xMidYMid meet\" aria-labelledby='av-svg-title-3' aria-describedby='av-svg-desc-3' role=\"graphics-symbol\" aria-hidden=\"true\">\n<title id='av-svg-title-3'>Download<\/title>\n<desc id='av-svg-desc-3'>Download<\/desc>\n<path d=\"M30.976 20.864q0.576 0.32 0.864 1.024t0.096 1.28l-0.896 4.928q-0.128 0.64-0.704 1.056t-1.28 0.416h-26.112q-0.704 0-1.28-0.416t-0.704-1.056l-0.896-4.928q-0.32-1.536 1.024-2.304l5.056-3.456h3.136l-5.44 4.16h5.696q0.256 0 0.384 0.256l1.28 3.52h9.6l1.28-3.52q0.256-0.256 0.384-0.256h5.696l-5.44-4.16h3.136zM24.32 10.56l-8.32 7.808-8.32-7.808h5.312v-8.192h6.080v8.192h5.248z\"><\/path>\n<\/svg><\/span><\/a><article class=\"article-icon-entry av-iconlist-empty\"  itemscope=\"itemscope\" itemtype=\"https:\/\/schema.org\/CreativeWork\" ><div class=\"iconlist_content_wrap\"><header class=\"entry-content-header\" aria-label=\"Icon: &lt;a href=&#039;https:\/\/coominobras.coop\/wp-content\/uploads\/2026\/01\/4.-Estados-Financieros-2024.pdf&#039; title=&#039;Estados Financieros 2024&#039; target=&quot;_blank&quot;  rel=&quot;noopener noreferrer&quot;&gt;Estados Financieros 2024&lt;\/a&gt;\"><h4 class='av_iconlist_title iconlist_title  av_inherit_color'  itemprop=\"headline\" ><a href='https:\/\/coominobras.coop\/wp-content\/uploads\/2026\/01\/4.-Estados-Financieros-2024.pdf' title='Estados Financieros 2024' target=\"_blank\"  rel=\"noopener noreferrer\">Estados Financieros 2024<\/a><\/h4><\/header><div class='iconlist_content av_inherit_color'  itemprop=\"text\" ><\/div><\/div><footer class=\"entry-footer\"><\/footer><\/article><div class=\"iconlist-timeline\"><\/div><\/li><li><a href='https:\/\/coominobras.coop\/wp-content\/uploads\/2026\/01\/Comercio_certificacion_y_representacion_2021.pdf' title='C\u00e1mara de Comercio (Certificado de existencia y representaci\u00f3n legal)'  target=\"_blank\"  rel=\"noopener noreferrer\" class='iconlist_icon av-mk6tkqbp-118568285bbca7ec117a6283a5bd091b avia-font-svg_entypo-fontello avia-svg-icon avia-font-svg_entypo-fontello'><span class='av-icon-char' data-av_svg_icon='download' data-av_iconset='svg_entypo-fontello'><svg version=\"1.1\" xmlns=\"http:\/\/www.w3.org\/2000\/svg\" width=\"32\" height=\"32\" viewBox=\"0 0 32 32\" preserveAspectRatio=\"xMidYMid meet\" aria-labelledby='av-svg-title-4' aria-describedby='av-svg-desc-4' role=\"graphics-symbol\" aria-hidden=\"true\">\n<title id='av-svg-title-4'>Download<\/title>\n<desc id='av-svg-desc-4'>Download<\/desc>\n<path d=\"M30.976 20.864q0.576 0.32 0.864 1.024t0.096 1.28l-0.896 4.928q-0.128 0.64-0.704 1.056t-1.28 0.416h-26.112q-0.704 0-1.28-0.416t-0.704-1.056l-0.896-4.928q-0.32-1.536 1.024-2.304l5.056-3.456h3.136l-5.44 4.16h5.696q0.256 0 0.384 0.256l1.28 3.52h9.6l1.28-3.52q0.256-0.256 0.384-0.256h5.696l-5.44-4.16h3.136zM24.32 10.56l-8.32 7.808-8.32-7.808h5.312v-8.192h6.080v8.192h5.248z\"><\/path>\n<\/svg><\/span><\/a><article class=\"article-icon-entry av-iconlist-empty\"  itemscope=\"itemscope\" itemtype=\"https:\/\/schema.org\/CreativeWork\" ><div class=\"iconlist_content_wrap\"><header class=\"entry-content-header\" aria-label=\"Icon: &lt;a href=&#039;https:\/\/coominobras.coop\/wp-content\/uploads\/2026\/01\/Comercio_certificacion_y_representacion_2021.pdf&#039; title=&#039;C\u00e1mara de Comercio (Certificado de existencia y representaci\u00f3n legal)&#039; target=&quot;_blank&quot;  rel=&quot;noopener noreferrer&quot;&gt;C\u00e1mara de Comercio (Certificado de existencia y representaci\u00f3n legal)&lt;\/a&gt;\"><h4 class='av_iconlist_title iconlist_title  av_inherit_color'  itemprop=\"headline\" ><a href='https:\/\/coominobras.coop\/wp-content\/uploads\/2026\/01\/Comercio_certificacion_y_representacion_2021.pdf' title='C\u00e1mara de Comercio (Certificado de existencia y representaci\u00f3n legal)' target=\"_blank\"  rel=\"noopener noreferrer\">C\u00e1mara de Comercio (Certificado de existencia y representaci\u00f3n legal)<\/a><\/h4><\/header><div class='iconlist_content av_inherit_color'  itemprop=\"text\" ><\/div><\/div><footer class=\"entry-footer\"><\/footer><\/article><div class=\"iconlist-timeline\"><\/div><\/li><li><a href='https:\/\/coominobras.coop\/wp-content\/uploads\/2026\/01\/Antecedentes_judiciales_representacion_legal_2022.pdf' title='Certificado de antecedentes judiciales de \u00f3rganos de direcci\u00f3n y representaci\u00f3n legal'  target=\"_blank\"  rel=\"noopener noreferrer\" class='iconlist_icon av-mk6tmhkg-aaf66590a55e2f9145a804107593c4d9 avia-font-svg_entypo-fontello avia-svg-icon avia-font-svg_entypo-fontello'><span class='av-icon-char' data-av_svg_icon='download' data-av_iconset='svg_entypo-fontello'><svg version=\"1.1\" xmlns=\"http:\/\/www.w3.org\/2000\/svg\" width=\"32\" height=\"32\" viewBox=\"0 0 32 32\" preserveAspectRatio=\"xMidYMid meet\" aria-labelledby='av-svg-title-5' aria-describedby='av-svg-desc-5' role=\"graphics-symbol\" aria-hidden=\"true\">\n<title id='av-svg-title-5'>Download<\/title>\n<desc id='av-svg-desc-5'>Download<\/desc>\n<path d=\"M30.976 20.864q0.576 0.32 0.864 1.024t0.096 1.28l-0.896 4.928q-0.128 0.64-0.704 1.056t-1.28 0.416h-26.112q-0.704 0-1.28-0.416t-0.704-1.056l-0.896-4.928q-0.32-1.536 1.024-2.304l5.056-3.456h3.136l-5.44 4.16h5.696q0.256 0 0.384 0.256l1.28 3.52h9.6l1.28-3.52q0.256-0.256 0.384-0.256h5.696l-5.44-4.16h3.136zM24.32 10.56l-8.32 7.808-8.32-7.808h5.312v-8.192h6.080v8.192h5.248z\"><\/path>\n<\/svg><\/span><\/a><article class=\"article-icon-entry av-iconlist-empty\"  itemscope=\"itemscope\" itemtype=\"https:\/\/schema.org\/CreativeWork\" ><div class=\"iconlist_content_wrap\"><header class=\"entry-content-header\" aria-label=\"Icon: &lt;a href=&#039;https:\/\/coominobras.coop\/wp-content\/uploads\/2026\/01\/Antecedentes_judiciales_representacion_legal_2022.pdf&#039; title=&#039;Certificado de antecedentes judiciales de \u00f3rganos de direcci\u00f3n y representaci\u00f3n legal&#039; target=&quot;_blank&quot;  rel=&quot;noopener noreferrer&quot;&gt;Certificado de antecedentes judiciales de \u00f3rganos de direcci\u00f3n y representaci\u00f3n legal&lt;\/a&gt;\"><h4 class='av_iconlist_title iconlist_title  av_inherit_color'  itemprop=\"headline\" ><a href='https:\/\/coominobras.coop\/wp-content\/uploads\/2026\/01\/Antecedentes_judiciales_representacion_legal_2022.pdf' title='Certificado de antecedentes judiciales de \u00f3rganos de direcci\u00f3n y representaci\u00f3n legal' target=\"_blank\"  rel=\"noopener noreferrer\">Certificado de antecedentes judiciales de \u00f3rganos de direcci\u00f3n y representaci\u00f3n legal<\/a><\/h4><\/header><div class='iconlist_content av_inherit_color'  itemprop=\"text\" ><\/div><\/div><footer class=\"entry-footer\"><\/footer><\/article><div class=\"iconlist-timeline\"><\/div><\/li><li><a href='https:\/\/coominobras.coop\/wp-content\/uploads\/2026\/01\/Certificacion_Coominobras_Reg_Tributario_Especial_2022.pdf' title='Certificado cumplimiento de requisitos como entidad del r\u00e9gimen especial'  class='iconlist_icon av-mk6tp0gb-2a0e5f9a626ac175a8ce53cf50c44159 avia-font-svg_entypo-fontello avia-svg-icon avia-font-svg_entypo-fontello'><span class='av-icon-char' data-av_svg_icon='download' data-av_iconset='svg_entypo-fontello'><svg version=\"1.1\" xmlns=\"http:\/\/www.w3.org\/2000\/svg\" width=\"32\" height=\"32\" viewBox=\"0 0 32 32\" preserveAspectRatio=\"xMidYMid meet\" aria-labelledby='av-svg-title-6' aria-describedby='av-svg-desc-6' role=\"graphics-symbol\" aria-hidden=\"true\">\n<title id='av-svg-title-6'>Download<\/title>\n<desc id='av-svg-desc-6'>Download<\/desc>\n<path d=\"M30.976 20.864q0.576 0.32 0.864 1.024t0.096 1.28l-0.896 4.928q-0.128 0.64-0.704 1.056t-1.28 0.416h-26.112q-0.704 0-1.28-0.416t-0.704-1.056l-0.896-4.928q-0.32-1.536 1.024-2.304l5.056-3.456h3.136l-5.44 4.16h5.696q0.256 0 0.384 0.256l1.28 3.52h9.6l1.28-3.52q0.256-0.256 0.384-0.256h5.696l-5.44-4.16h3.136zM24.32 10.56l-8.32 7.808-8.32-7.808h5.312v-8.192h6.080v8.192h5.248z\"><\/path>\n<\/svg><\/span><\/a><article class=\"article-icon-entry av-iconlist-empty\"  itemscope=\"itemscope\" itemtype=\"https:\/\/schema.org\/CreativeWork\" ><div class=\"iconlist_content_wrap\"><header class=\"entry-content-header\" aria-label=\"Icon: &lt;a href=&#039;https:\/\/coominobras.coop\/wp-content\/uploads\/2026\/01\/Certificacion_Coominobras_Reg_Tributario_Especial_2022.pdf&#039; title=&#039;Certificado cumplimiento de requisitos como entidad del r\u00e9gimen especial&#039;&gt;Certificado cumplimiento de requisitos como entidad del r\u00e9gimen especial&lt;\/a&gt;\"><h4 class='av_iconlist_title iconlist_title  av_inherit_color'  itemprop=\"headline\" ><a href='https:\/\/coominobras.coop\/wp-content\/uploads\/2026\/01\/Certificacion_Coominobras_Reg_Tributario_Especial_2022.pdf' title='Certificado cumplimiento de requisitos como entidad del r\u00e9gimen especial'>Certificado cumplimiento de requisitos como entidad del r\u00e9gimen especial<\/a><\/h4><\/header><div class='iconlist_content av_inherit_color'  itemprop=\"text\" ><\/div><\/div><footer class=\"entry-footer\"><\/footer><\/article><div class=\"iconlist-timeline\"><\/div><\/li><\/ul><\/div><\/div><\/div><\/div><\/div><!-- close content main div --><\/div><\/div><div id='after_section_2'  class='main_color av_default_container_wrap container_wrap sidebar_right'  ><div class='container av-section-cont-open' ><div class='template-page content  av-content-small alpha units'><div class='post-entry post-entry-type-page post-entry-1370'><div class='entry-content-wrapper clearfix'>\n","protected":false},"excerpt":{"rendered":"","protected":false},"author":1,"featured_media":0,"parent":0,"menu_order":0,"comment_status":"closed","ping_status":"closed","template":"","meta":{"footnotes":""},"class_list":["post-1370","page","type-page","status-publish","hentry"],"_links":{"self":[{"href":"https:\/\/coominobras.coop\/index.php\/wp-json\/wp\/v2\/pages\/1370","targetHints":{"allow":["GET"]}}],"collection":[{"href":"https:\/\/coominobras.coop\/index.php\/wp-json\/wp\/v2\/pages"}],"about":[{"href":"https:\/\/coominobras.coop\/index.php\/wp-json\/wp\/v2\/types\/page"}],"author":[{"embeddable":true,"href":"https:\/\/coominobras.coop\/index.php\/wp-json\/wp\/v2\/users\/1"}],"replies":[{"embeddable":true,"href":"https:\/\/coominobras.coop\/index.php\/wp-json\/wp\/v2\/comments?post=1370"}],"version-history":[{"count":10,"href":"https:\/\/coominobras.coop\/index.php\/wp-json\/wp\/v2\/pages\/1370\/revisions"}],"predecessor-version":[{"id":1606,"href":"https:\/\/coominobras.coop\/index.php\/wp-json\/wp\/v2\/pages\/1370\/revisions\/1606"}],"wp:attachment":[{"href":"https:\/\/coominobras.coop\/index.php\/wp-json\/wp\/v2\/media?parent=1370"}],"curies":[{"name":"wp","href":"https:\/\/api.w.org\/{rel}","templated":true}]}}