{"id":1456,"date":"2026-01-29T14:02:47","date_gmt":"2026-01-29T14:02:47","guid":{"rendered":"https:\/\/coominobras.coop\/wordpress\/?page_id=1456"},"modified":"2026-01-29T14:06:44","modified_gmt":"2026-01-29T14:06:44","slug":"politicas-de-calidad","status":"publish","type":"page","link":"https:\/\/coominobras.coop\/index.php\/politicas-de-calidad\/","title":{"rendered":"Pol\u00edticas de Calidad"},"content":{"rendered":"<div id='av_section_1'  class='avia-section av-3lio28-c5471b52d85f3401fc9a3eb92c530c38 main_color avia-section-default avia-no-border-styling  avia-builder-el-0  avia-builder-el-no-sibling  avia-bg-style-scroll container_wrap sidebar_right'  ><div class='container av-section-cont-open' ><main  role=\"main\" itemprop=\"mainContentOfPage\"  class='template-page content  av-content-small alpha units'><div class='post-entry post-entry-type-page post-entry-1456'><div class='entry-content-wrapper clearfix'>\n<div  class='flex_column av-252lds-986f8aa9a803b2e465e8c366de9e08a4 av_one_full  avia-builder-el-1  avia-builder-el-no-sibling  first flex_column_div  '     ><style type=\"text\/css\" data-created_by=\"avia_inline_auto\" id=\"style-css-av-mkzizm5g-854c1b1635151d6595af8463388bc403\">\n#top .av_textblock_section.av-mkzizm5g-854c1b1635151d6595af8463388bc403 .avia_textblock{\ncolor:#000000;\n}\n<\/style>\n<section  class='av_textblock_section av-mkzizm5g-854c1b1635151d6595af8463388bc403 '   itemscope=\"itemscope\" itemtype=\"https:\/\/schema.org\/CreativeWork\" ><div class='avia_textblock av_inherit_color'  itemprop=\"text\" ><h1>Pol\u00edticas de Calidad<\/h1>\n<p style=\"text-align: justify;\">En COOMINOBRAS somos una empresa solidaria comprometida con el manejo eficiente de los recursos, la prestaci\u00f3n oportuna de los servicios, el fortalecimiento institucional y la generaci\u00f3n de rentabilidad social y financiera para nuestros asociados. Prestamos servicios de Aporte, Formaci\u00f3n Cooperativa, Cr\u00e9dito y Convenios. Nuestro compromiso es mejorar continuamente nuestros procesos con el apoyo del grupo directivo y comit\u00e9s, aliados estrat\u00e9gicos y equipo humano competente y comprometido; manteniendo altos niveles de calidad en la prestaci\u00f3n del servicio. Buscando siempre satisfacer los requerimientos de nuestros asociados, dando cumplimiento a los requisitos legales aplicables.<\/p>\n<\/div><\/section><\/div><\/div><\/div><\/main><!-- close content main element --><\/div><\/div><div id='after_section_1'  class='main_color av_default_container_wrap container_wrap sidebar_right'  ><div class='container av-section-cont-open' ><div class='template-page content  av-content-small alpha units'><div class='post-entry post-entry-type-page post-entry-1456'><div class='entry-content-wrapper clearfix'>\n","protected":false},"excerpt":{"rendered":"","protected":false},"author":1,"featured_media":0,"parent":0,"menu_order":0,"comment_status":"closed","ping_status":"closed","template":"","meta":{"footnotes":""},"class_list":["post-1456","page","type-page","status-publish","hentry"],"_links":{"self":[{"href":"https:\/\/coominobras.coop\/index.php\/wp-json\/wp\/v2\/pages\/1456","targetHints":{"allow":["GET"]}}],"collection":[{"href":"https:\/\/coominobras.coop\/index.php\/wp-json\/wp\/v2\/pages"}],"about":[{"href":"https:\/\/coominobras.coop\/index.php\/wp-json\/wp\/v2\/types\/page"}],"author":[{"embeddable":true,"href":"https:\/\/coominobras.coop\/index.php\/wp-json\/wp\/v2\/users\/1"}],"replies":[{"embeddable":true,"href":"https:\/\/coominobras.coop\/index.php\/wp-json\/wp\/v2\/comments?post=1456"}],"version-history":[{"count":4,"href":"https:\/\/coominobras.coop\/index.php\/wp-json\/wp\/v2\/pages\/1456\/revisions"}],"predecessor-version":[{"id":1460,"href":"https:\/\/coominobras.coop\/index.php\/wp-json\/wp\/v2\/pages\/1456\/revisions\/1460"}],"wp:attachment":[{"href":"https:\/\/coominobras.coop\/index.php\/wp-json\/wp\/v2\/media?parent=1456"}],"curies":[{"name":"wp","href":"https:\/\/api.w.org\/{rel}","templated":true}]}}