{"id":1480,"date":"2026-01-29T16:42:11","date_gmt":"2026-01-29T16:42:11","guid":{"rendered":"https:\/\/coominobras.coop\/wordpress\/?page_id=1480"},"modified":"2026-01-29T16:42:11","modified_gmt":"2026-01-29T16:42:11","slug":"aviso-de-privacidad","status":"publish","type":"page","link":"https:\/\/coominobras.coop\/index.php\/aviso-de-privacidad\/","title":{"rendered":"Aviso de Privacidad"},"content":{"rendered":"<div id='av_section_1'  class='avia-section av-av_section-a5bb92af5cbc65a77be789e0dbf47f69 main_color avia-section-default avia-no-border-styling  avia-builder-el-0  avia-builder-el-no-sibling  avia-bg-style-scroll container_wrap sidebar_right'  ><div class='container av-section-cont-open' ><main  role=\"main\" itemprop=\"mainContentOfPage\"  class='template-page content  av-content-small alpha units'><div class='post-entry post-entry-type-page post-entry-1480'><div class='entry-content-wrapper clearfix'>\n<div  class='flex_column av-av_one_full-4453fbc7e8da734fe9d5824da1c72891 av_one_full  avia-builder-el-1  avia-builder-el-no-sibling  first flex_column_div  '     ><style type=\"text\/css\" data-created_by=\"avia_inline_auto\" id=\"style-css-av-mkzomf49-714c551c7eb6bb593195814433c18676\">\n#top .av_textblock_section.av-mkzomf49-714c551c7eb6bb593195814433c18676 .avia_textblock{\ncolor:#000000;\n}\n<\/style>\n<section  class='av_textblock_section av-mkzomf49-714c551c7eb6bb593195814433c18676 '   itemscope=\"itemscope\" itemtype=\"https:\/\/schema.org\/CreativeWork\" ><div class='avia_textblock av_inherit_color'  itemprop=\"text\" ><h1>Aviso de Privacidad<\/h1>\n<p style=\"text-align: justify;\">En cumplimiento de la Ley Estatutaria 1581 de 2012 y el Decreto Compilatorio 1074 de 2015, el presente Aviso de Privacidad tiene como objeto informar al Titular sobre el tratamiento al cual ser\u00e1n sometidos los datos almacenados en nuestras bases de datos y comunicar si estos estar\u00e1n sujetos a transmisi\u00f3n y\/o transferencia a terceras entidades. Las condiciones del tratamiento son las siguientes:<\/p>\n<ol>\n<li style=\"text-align: justify;\">COOPERATIVA DE SERVIDORES P\u00daBLICOS COOMINOBRAS identificada con el Nit 860013472-1, ser\u00e1 el responsable del tratamiento de sus datos personales.<\/li>\n<li style=\"text-align: justify;\">Le informamos que los datos personales que le sean solicitados en este sitio ser\u00e1n tratados para la recolecci\u00f3n, almacenamiento, uso, circulaci\u00f3n y destinaci\u00f3n final con las siguientes finalidades: realizar gesti\u00f3n administrativa, gesti\u00f3n de estad\u00edsticas internas, atenci\u00f3n al ciudadano, contacto y env\u00edo de comunicaciones a correo electr\u00f3nico, direcci\u00f3n, n\u00famero de celular y sistemas de mensajer\u00eda instant\u00e1nea, verificaci\u00f3n de datos, transmisi\u00f3n nacional e internacional de datos con proveedores de servicios y transferencia nacional e internacional con aliados comerciales.<\/li>\n<li style=\"text-align: justify;\">Es facultativo brindar datos sensibles, entendidos como aquellos que afectan la intimidad o generen alg\u00fan tipo de discriminaci\u00f3n, o datos sobre menores de edad.<\/li>\n<li style=\"text-align: justify;\">La pol\u00edtica de tratamiento de los datos, as\u00ed como los cambios sustanciales que se produzcan en esta, se podr\u00e1n consultar en el correo electr\u00f3nico primeroelasociado@coominobras.coop o en el sitio web: www.coominobras.coop.<\/li>\n<li style=\"text-align: justify;\">El Titular puede ejercer los derechos de conocer, actualizar y rectificar sus datos, solicitar prueba de su autorizaci\u00f3n, ser informado del uso de sus datos, presentar quejas ante la SIC, revocar la autorizaci\u00f3n y\/o solicitar la supresi\u00f3n de sus datos con un escrito dirigido a COOPERATIVA DE SERVIDORES PUBLICOS COOMINOBRAS al correo electr\u00f3nica primeroelasociado@coominobras.coop, a la CL 44 57 28, BOGOTA D.C, indicando el derecho que desea ejercer.<\/li>\n<\/ol>\n<\/div><\/section><\/div><\/div><\/div><\/main><!-- close content main element --><\/div><\/div><div id='after_section_1'  class='main_color av_default_container_wrap container_wrap sidebar_right'  ><div class='container av-section-cont-open' ><div class='template-page content  av-content-small alpha units'><div class='post-entry post-entry-type-page post-entry-1480'><div class='entry-content-wrapper clearfix'>\n","protected":false},"excerpt":{"rendered":"","protected":false},"author":1,"featured_media":0,"parent":0,"menu_order":0,"comment_status":"closed","ping_status":"closed","template":"","meta":{"footnotes":""},"class_list":["post-1480","page","type-page","status-publish","hentry"],"_links":{"self":[{"href":"https:\/\/coominobras.coop\/index.php\/wp-json\/wp\/v2\/pages\/1480","targetHints":{"allow":["GET"]}}],"collection":[{"href":"https:\/\/coominobras.coop\/index.php\/wp-json\/wp\/v2\/pages"}],"about":[{"href":"https:\/\/coominobras.coop\/index.php\/wp-json\/wp\/v2\/types\/page"}],"author":[{"embeddable":true,"href":"https:\/\/coominobras.coop\/index.php\/wp-json\/wp\/v2\/users\/1"}],"replies":[{"embeddable":true,"href":"https:\/\/coominobras.coop\/index.php\/wp-json\/wp\/v2\/comments?post=1480"}],"version-history":[{"count":1,"href":"https:\/\/coominobras.coop\/index.php\/wp-json\/wp\/v2\/pages\/1480\/revisions"}],"predecessor-version":[{"id":1481,"href":"https:\/\/coominobras.coop\/index.php\/wp-json\/wp\/v2\/pages\/1480\/revisions\/1481"}],"wp:attachment":[{"href":"https:\/\/coominobras.coop\/index.php\/wp-json\/wp\/v2\/media?parent=1480"}],"curies":[{"name":"wp","href":"https:\/\/api.w.org\/{rel}","templated":true}]}}