{"id":1486,"date":"2026-01-29T16:50:27","date_gmt":"2026-01-29T16:50:27","guid":{"rendered":"https:\/\/coominobras.coop\/wordpress\/?page_id=1486"},"modified":"2026-02-02T11:09:40","modified_gmt":"2026-02-02T11:09:40","slug":"lineas-de-credito","status":"publish","type":"page","link":"https:\/\/coominobras.coop\/index.php\/lineas-de-credito\/","title":{"rendered":"L\u00edneas de cr\u00e9dito"},"content":{"rendered":"<div id='av_section_1'  class='avia-section av-475k7i-a9c14c3249ec61200516daca2027f813 main_color avia-section-default avia-no-border-styling  avia-builder-el-0  el_before_av_section  avia-builder-el-first  avia-bg-style-scroll container_wrap sidebar_right'  ><div class='container av-section-cont-open' ><main  role=\"main\" itemprop=\"mainContentOfPage\"  class='template-page content  av-content-small alpha units'><div class='post-entry post-entry-type-page post-entry-1486'><div class='entry-content-wrapper clearfix'>\n<div  class='flex_column av-2bbuz2-4b93c8dc2474efd1a33ccfdf92c90661 av_one_half  avia-builder-el-1  el_before_av_one_half  avia-builder-el-first  first flex_column_div  '     ><style type=\"text\/css\" data-created_by=\"avia_inline_auto\" id=\"style-css-av-mkzoylk0-ec4afaedba1fd260d11e10096eecba14\">\n#top .av_textblock_section.av-mkzoylk0-ec4afaedba1fd260d11e10096eecba14 .avia_textblock{\ncolor:#000000;\n}\n<\/style>\n<section  class='av_textblock_section av-mkzoylk0-ec4afaedba1fd260d11e10096eecba14 '   itemscope=\"itemscope\" itemtype=\"https:\/\/schema.org\/CreativeWork\" ><div class='avia_textblock av_inherit_color'  itemprop=\"text\" ><h1><span class=\"TextRun Highlight SCXW6576655 BCX0\" lang=\"ES-CO\" xml:lang=\"ES-CO\" data-contrast=\"auto\"><span class=\"NormalTextRun SCXW6576655 BCX0\">L\u00edneas de cr\u00e9dito<\/span><\/span><span class=\"EOP SCXW6576655 BCX0\" data-ccp-props=\"{\">\u00a0<\/span><\/h1>\n<p><span data-ccp-props=\"{\">\u00a0<\/span><\/p>\n<ul>\n<li style=\"text-align: justify;\" aria-setsize=\"-1\" data-leveltext=\"\u00b7\" data-font=\"Symbol\" data-listid=\"11\" data-list-defn-props=\"{\" data-aria-posinset=\"1\" data-aria-level=\"1\"><b><span data-contrast=\"auto\">Cr\u00e9dito Ordinario (libre inversi\u00f3n):<\/span><\/b><span data-contrast=\"auto\">\u00a0Pr\u00e9stamo para cubrir cualquier necesidad personal, sin destino espec\u00edfico.<\/span><span data-ccp-props=\"{\">\u00a0<\/span><\/li>\n<\/ul>\n<ul style=\"text-align: justify;\">\n<li aria-setsize=\"-1\" data-leveltext=\"\u00b7\" data-font=\"Symbol\" data-listid=\"11\" data-list-defn-props=\"{\" data-aria-posinset=\"2\" data-aria-level=\"1\"><b><span data-contrast=\"auto\">Crediya:<\/span><\/b><span data-contrast=\"auto\">\u00a0Cr\u00e9dito \u00e1gil y de f\u00e1cil acceso, ideal para gastos inmediatos y de corto plazo.<\/span><span data-ccp-props=\"{\">\u00a0<\/span><\/li>\n<\/ul>\n<ul>\n<li style=\"text-align: justify;\" aria-setsize=\"-1\" data-leveltext=\"\u00b7\" data-font=\"Symbol\" data-listid=\"11\" data-list-defn-props=\"{\" data-aria-posinset=\"3\" data-aria-level=\"1\"><b><span data-contrast=\"auto\">Cr\u00e9dito Educativo:<\/span><\/b><span data-contrast=\"auto\">\u00a0Financia estudios, matr\u00edculas, cursos o programas de formaci\u00f3n acad\u00e9mica.<\/span><span data-ccp-props=\"{\">\u00a0<\/span><\/li>\n<\/ul>\n<\/div><\/section><\/div><div  class='flex_column av-1vkavi-6d5b400e380f8179af5d841fa1b5a3b5 av_one_half  avia-builder-el-3  el_after_av_one_half  avia-builder-el-last  flex_column_div  '     ><style type=\"text\/css\" data-created_by=\"avia_inline_auto\" id=\"style-css-av-mkzqw2fa-2b159c8aacd6fbe767541b2960852d4d\">\n.avia-image-container.av-mkzqw2fa-2b159c8aacd6fbe767541b2960852d4d img.avia_image{\nbox-shadow:none;\n}\n.avia-image-container.av-mkzqw2fa-2b159c8aacd6fbe767541b2960852d4d .av-image-caption-overlay-center{\ncolor:#ffffff;\n}\n<\/style>\n<div  class='avia-image-container av-mkzqw2fa-2b159c8aacd6fbe767541b2960852d4d av-styling- avia-align-center  avia-builder-el-4  avia-builder-el-no-sibling '   itemprop=\"image\" itemscope=\"itemscope\" itemtype=\"https:\/\/schema.org\/ImageObject\" ><div class=\"avia-image-container-inner\"><div class=\"avia-image-overlay-wrap\"><img decoding=\"async\" fetchpriority=\"high\" class='wp-image-1506 avia-img-lazy-loading-not-1506 avia_image ' src=\"https:\/\/coominobras.coop\/wp-content\/uploads\/2026\/01\/04.jpeg\" alt='' title='04'  height=\"807\" width=\"1200\"  itemprop=\"thumbnailUrl\" srcset=\"https:\/\/coominobras.coop\/wp-content\/uploads\/2026\/01\/04.jpeg 1200w, https:\/\/coominobras.coop\/wp-content\/uploads\/2026\/01\/04-300x202.jpeg 300w, https:\/\/coominobras.coop\/wp-content\/uploads\/2026\/01\/04-1030x693.jpeg 1030w, https:\/\/coominobras.coop\/wp-content\/uploads\/2026\/01\/04-768x516.jpeg 768w, https:\/\/coominobras.coop\/wp-content\/uploads\/2026\/01\/04-705x474.jpeg 705w\" sizes=\"(max-width: 1200px) 100vw, 1200px\" \/><\/div><\/div><\/div><\/div><\/div><\/div><\/main><!-- close content main element --><\/div><\/div>\n<style type=\"text\/css\" data-created_by=\"avia_inline_auto\" id=\"style-css-av-ml0q9yla-62c91ff6c8ef1830fcced02606c354a8\">\n.avia-section.av-ml0q9yla-62c91ff6c8ef1830fcced02606c354a8{\nbackground-color:#49ad33;\nbackground-image:unset;\n}\n<\/style>\n<div id='av_section_2'  class='avia-section av-ml0q9yla-62c91ff6c8ef1830fcced02606c354a8 main_color avia-section-default avia-no-border-styling  avia-builder-el-5  el_after_av_section  el_before_av_section  avia-bg-style-scroll container_wrap sidebar_right'  ><div class='container av-section-cont-open' ><div class='template-page content  av-content-small alpha units'><div class='post-entry post-entry-type-page post-entry-1486'><div class='entry-content-wrapper clearfix'>\n\n<style type=\"text\/css\" data-created_by=\"avia_inline_auto\" id=\"style-css-av-9v8ydq-39fd19a59be2e5be5d9a7796576c55e7\">\n.flex_column.av-9v8ydq-39fd19a59be2e5be5d9a7796576c55e7{\nbackground-color:#49ad33;\n}\n<\/style>\n<div  class='flex_column av-9v8ydq-39fd19a59be2e5be5d9a7796576c55e7 av_one_half  avia-builder-el-6  el_before_av_one_half  avia-builder-el-first  first flex_column_div  '     ><style type=\"text\/css\" data-created_by=\"avia_inline_auto\" id=\"style-css-av-7525am-c888af67f15529b86440ecb8b9d13de6\">\n.avia-image-container.av-7525am-c888af67f15529b86440ecb8b9d13de6 img.avia_image{\nbox-shadow:none;\n}\n.avia-image-container.av-7525am-c888af67f15529b86440ecb8b9d13de6 .av-image-caption-overlay-center{\ncolor:#ffffff;\n}\n<\/style>\n<div  class='avia-image-container av-7525am-c888af67f15529b86440ecb8b9d13de6 av-styling- avia-align-center  avia-builder-el-7  avia-builder-el-no-sibling '   itemprop=\"image\" itemscope=\"itemscope\" itemtype=\"https:\/\/schema.org\/ImageObject\" ><div class=\"avia-image-container-inner\"><div class=\"avia-image-overlay-wrap\"><img decoding=\"async\" fetchpriority=\"high\" class='wp-image-1508 avia-img-lazy-loading-not-1508 avia_image ' src=\"https:\/\/coominobras.coop\/wp-content\/uploads\/2026\/01\/05.jpeg\" alt='' title='05'  height=\"807\" width=\"1200\"  itemprop=\"thumbnailUrl\" srcset=\"https:\/\/coominobras.coop\/wp-content\/uploads\/2026\/01\/05.jpeg 1200w, https:\/\/coominobras.coop\/wp-content\/uploads\/2026\/01\/05-300x202.jpeg 300w, https:\/\/coominobras.coop\/wp-content\/uploads\/2026\/01\/05-1030x693.jpeg 1030w, https:\/\/coominobras.coop\/wp-content\/uploads\/2026\/01\/05-768x516.jpeg 768w, https:\/\/coominobras.coop\/wp-content\/uploads\/2026\/01\/05-705x474.jpeg 705w\" sizes=\"(max-width: 1200px) 100vw, 1200px\" \/><\/div><\/div><\/div><\/div>\n<style type=\"text\/css\" data-created_by=\"avia_inline_auto\" id=\"style-css-av-58mdb2-8651e01bc395a35868618921af307221\">\n.flex_column.av-58mdb2-8651e01bc395a35868618921af307221{\nbackground-color:#49ad33;\n}\n<\/style>\n<div  class='flex_column av-58mdb2-8651e01bc395a35868618921af307221 av_one_half  avia-builder-el-8  el_after_av_one_half  avia-builder-el-last  flex_column_div  '     ><section  class='av_textblock_section av-ml0q21x6-2d6e3af517118dffa3c3f65543d15313 '   itemscope=\"itemscope\" itemtype=\"https:\/\/schema.org\/CreativeWork\" ><div class='avia_textblock av_inherit_color'  itemprop=\"text\" ><ul>\n<li style=\"text-align: justify;\" aria-setsize=\"-1\" data-leveltext=\"\u00b7\" data-font=\"Symbol\" data-listid=\"11\" data-list-defn-props=\"{\" data-aria-posinset=\"3\" data-aria-level=\"1\"><b><span data-contrast=\"auto\">Cr\u00e9dito de Bienvenida:<\/span><\/b><span data-contrast=\"auto\">\u00a0Beneficio exclusivo para nuevos asociados, con condiciones preferenciales.<\/span><span data-ccp-props=\"{\">\u00a0<\/span><\/li>\n<\/ul>\n<ul style=\"text-align: justify;\">\n<li aria-setsize=\"-1\" data-leveltext=\"\u00b7\" data-font=\"Symbol\" data-listid=\"11\" data-list-defn-props=\"{\" data-aria-posinset=\"5\" data-aria-level=\"1\"><b><span data-contrast=\"auto\">Cr\u00e9dito Sobre Aportes:<\/span><\/b><span data-contrast=\"auto\">\u00a0Pr\u00e9stamo respaldado por los aportes del asociado, con tasas favorables.<\/span><span data-ccp-props=\"{\">\u00a0<\/span><\/li>\n<\/ul>\n<ul>\n<li style=\"text-align: justify;\" aria-setsize=\"-1\" data-leveltext=\"\u00b7\" data-font=\"Symbol\" data-listid=\"11\" data-list-defn-props=\"{\" data-aria-posinset=\"6\" data-aria-level=\"1\"><b><span data-contrast=\"auto\">Cr\u00e9dito Sobre Prima:<\/span><\/b><span data-contrast=\"auto\">\u00a0Anticipo de la prima laboral para atender necesidades puntuales.<\/span><span data-ccp-props=\"{\">\u00a0<\/span><\/li>\n<li style=\"text-align: justify;\" aria-setsize=\"-1\" data-leveltext=\"\u00b7\" data-font=\"Symbol\" data-listid=\"11\" data-list-defn-props=\"{\" data-aria-posinset=\"7\" data-aria-level=\"1\"><b><span data-contrast=\"auto\">Cr\u00e9dito de Fidelidad:<\/span><\/b><span data-contrast=\"auto\">\u00a0Reconoce la permanencia del asociado con mejores condiciones de financiaci\u00f3n.<\/span><span data-ccp-props=\"{\">\u00a0<\/span><\/li>\n<\/ul>\n<\/div><\/section><\/div><\/div><\/div><\/div><!-- close content main div --><\/div><\/div><div id='av_section_3'  class='avia-section av-2jepni-37151ceb56c16cdd6ff697c6c97f0a86 main_color avia-section-default avia-no-border-styling  avia-builder-el-10  el_after_av_section  avia-builder-el-last  avia-bg-style-scroll container_wrap sidebar_right'  ><div class='container av-section-cont-open' ><div class='template-page content  av-content-small alpha units'><div class='post-entry post-entry-type-page post-entry-1486'><div class='entry-content-wrapper clearfix'>\n<div  class='flex_column av-4uv1im-d5b8aca58735d8bd195db25f0c83fa90 av_one_half  avia-builder-el-11  el_before_av_one_half  avia-builder-el-first  first flex_column_div  '     ><style type=\"text\/css\" data-created_by=\"avia_inline_auto\" id=\"style-css-av-ml0q3vnu-108bfea1c2efa138b1d6f6df03fde7fe\">\n#top .av_textblock_section.av-ml0q3vnu-108bfea1c2efa138b1d6f6df03fde7fe .avia_textblock{\ncolor:#000000;\n}\n<\/style>\n<section  class='av_textblock_section av-ml0q3vnu-108bfea1c2efa138b1d6f6df03fde7fe '   itemscope=\"itemscope\" itemtype=\"https:\/\/schema.org\/CreativeWork\" ><div class='avia_textblock av_inherit_color'  itemprop=\"text\" ><ul>\n<li style=\"text-align: justify;\" aria-setsize=\"-1\" data-leveltext=\"\u00b7\" data-font=\"Symbol\" data-listid=\"11\" data-list-defn-props=\"{\" data-aria-posinset=\"8\" data-aria-level=\"1\"><b><span data-contrast=\"auto\">Cr\u00e9dito de Compras:<\/span><\/b><span data-contrast=\"auto\">\u00a0Facilita la adquisici\u00f3n de bienes y servicios en comercios aliados.<\/span><span data-ccp-props=\"{\">\u00a0<\/span><\/li>\n<\/ul>\n<ul style=\"text-align: justify;\">\n<li aria-setsize=\"-1\" data-leveltext=\"\u00b7\" data-font=\"Symbol\" data-listid=\"11\" data-list-defn-props=\"{\" data-aria-posinset=\"9\" data-aria-level=\"1\"><b><span data-contrast=\"auto\">Compra de Cartera:<\/span><\/b><span data-contrast=\"auto\">\u00a0Permite unificar y trasladar deudas de otras entidades con mejores condiciones.<\/span><span data-ccp-props=\"{\">\u00a0<\/span><\/li>\n<\/ul>\n<ul style=\"text-align: justify;\">\n<li aria-setsize=\"-1\" data-leveltext=\"\u00b7\" data-font=\"Symbol\" data-listid=\"11\" data-list-defn-props=\"{\" data-aria-posinset=\"10\" data-aria-level=\"1\"><b><span data-contrast=\"auto\">Cr\u00e9dito Promocional:<\/span><\/b><span data-contrast=\"auto\">\u00a0L\u00ednea temporal con tasas y plazos especiales.<\/span><span data-ccp-props=\"{\">\u00a0<\/span><\/li>\n<\/ul>\n<ul style=\"text-align: justify;\">\n<li aria-setsize=\"-1\" data-leveltext=\"\u00b7\" data-font=\"Symbol\" data-listid=\"11\" data-list-defn-props=\"{\" data-aria-posinset=\"11\" data-aria-level=\"1\"><b><span data-contrast=\"auto\">Cr\u00e9dito de Inmuebles:<\/span><\/b><span data-contrast=\"auto\">\u00a0Financiaci\u00f3n para compra, construcci\u00f3n o mejora de vivienda o inmuebles.<\/span><span data-ccp-props=\"{\">\u00a0<\/span><\/li>\n<\/ul>\n<ul style=\"text-align: justify;\">\n<li aria-setsize=\"-1\" data-leveltext=\"\u00b7\" data-font=\"Symbol\" data-listid=\"11\" data-list-defn-props=\"{\" data-aria-posinset=\"12\" data-aria-level=\"1\"><b><span data-contrast=\"auto\">Cr\u00e9dito de Veh\u00edculo:<\/span><\/b><span data-contrast=\"auto\">\u00a0Cr\u00e9dito destinado a la compra de veh\u00edculo nuevo o usado.<\/span><span data-ccp-props=\"{\">\u00a0<\/span><\/li>\n<\/ul>\n<p style=\"text-align: justify;\"><span data-contrast=\"auto\">\u00a0<\/span><span data-ccp-props=\"{\">\u00a0<\/span><\/p>\n<\/div><\/section><\/div><div  class='flex_column av-2d2vhq-29f72883f6e54d33a65de6ce41f54028 av_one_half  avia-builder-el-13  el_after_av_one_half  avia-builder-el-last  flex_column_div  '     ><style type=\"text\/css\" data-created_by=\"avia_inline_auto\" id=\"style-css-av-ml0q4kv6-882d40ba7dd6a1878d94e23a41192798\">\n.avia-image-container.av-ml0q4kv6-882d40ba7dd6a1878d94e23a41192798 img.avia_image{\nbox-shadow:none;\n}\n.avia-image-container.av-ml0q4kv6-882d40ba7dd6a1878d94e23a41192798 .av-image-caption-overlay-center{\ncolor:#ffffff;\n}\n<\/style>\n<div  class='avia-image-container av-ml0q4kv6-882d40ba7dd6a1878d94e23a41192798 av-styling- avia-align-center  avia-builder-el-14  avia-builder-el-no-sibling '   itemprop=\"image\" itemscope=\"itemscope\" itemtype=\"https:\/\/schema.org\/ImageObject\" ><div class=\"avia-image-container-inner\"><div class=\"avia-image-overlay-wrap\"><img decoding=\"async\" fetchpriority=\"high\" class='wp-image-1523 avia-img-lazy-loading-not-1523 avia_image ' src=\"https:\/\/coominobras.coop\/wp-content\/uploads\/2026\/01\/06.jpeg\" alt='' title='06'  height=\"807\" width=\"1200\"  itemprop=\"thumbnailUrl\" srcset=\"https:\/\/coominobras.coop\/wp-content\/uploads\/2026\/01\/06.jpeg 1200w, https:\/\/coominobras.coop\/wp-content\/uploads\/2026\/01\/06-300x202.jpeg 300w, https:\/\/coominobras.coop\/wp-content\/uploads\/2026\/01\/06-1030x693.jpeg 1030w, https:\/\/coominobras.coop\/wp-content\/uploads\/2026\/01\/06-768x516.jpeg 768w, https:\/\/coominobras.coop\/wp-content\/uploads\/2026\/01\/06-705x474.jpeg 705w\" sizes=\"(max-width: 1200px) 100vw, 1200px\" \/><\/div><\/div><\/div><\/div><\/div><\/div><\/div><!-- close content main div --><\/div><\/div><div id='after_section_3'  class='main_color av_default_container_wrap container_wrap sidebar_right'  ><div class='container av-section-cont-open' ><div class='template-page content  av-content-small alpha units'><div class='post-entry post-entry-type-page post-entry-1486'><div class='entry-content-wrapper clearfix'><\/p>\n","protected":false},"excerpt":{"rendered":"","protected":false},"author":1,"featured_media":0,"parent":0,"menu_order":0,"comment_status":"closed","ping_status":"closed","template":"","meta":{"footnotes":""},"class_list":["post-1486","page","type-page","status-publish","hentry"],"_links":{"self":[{"href":"https:\/\/coominobras.coop\/index.php\/wp-json\/wp\/v2\/pages\/1486","targetHints":{"allow":["GET"]}}],"collection":[{"href":"https:\/\/coominobras.coop\/index.php\/wp-json\/wp\/v2\/pages"}],"about":[{"href":"https:\/\/coominobras.coop\/index.php\/wp-json\/wp\/v2\/types\/page"}],"author":[{"embeddable":true,"href":"https:\/\/coominobras.coop\/index.php\/wp-json\/wp\/v2\/users\/1"}],"replies":[{"embeddable":true,"href":"https:\/\/coominobras.coop\/index.php\/wp-json\/wp\/v2\/comments?post=1486"}],"version-history":[{"count":11,"href":"https:\/\/coominobras.coop\/index.php\/wp-json\/wp\/v2\/pages\/1486\/revisions"}],"predecessor-version":[{"id":1629,"href":"https:\/\/coominobras.coop\/index.php\/wp-json\/wp\/v2\/pages\/1486\/revisions\/1629"}],"wp:attachment":[{"href":"https:\/\/coominobras.coop\/index.php\/wp-json\/wp\/v2\/media?parent=1486"}],"curies":[{"name":"wp","href":"https:\/\/api.w.org\/{rel}","templated":true}]}}