{"id":1492,"date":"2026-01-29T16:56:10","date_gmt":"2026-01-29T16:56:10","guid":{"rendered":"https:\/\/coominobras.coop\/wordpress\/?page_id=1492"},"modified":"2026-01-29T17:39:57","modified_gmt":"2026-01-29T17:39:57","slug":"aportes-sociales","status":"publish","type":"page","link":"https:\/\/coominobras.coop\/index.php\/aportes-sociales\/","title":{"rendered":"Aportes Sociales"},"content":{"rendered":"<div id='av_section_1'  class='avia-section av-3uoqt0-8215268d73302159d7b487bcfea3254a main_color avia-section-default avia-no-border-styling  avia-builder-el-0  avia-builder-el-no-sibling  avia-bg-style-scroll container_wrap sidebar_right'  ><div class='container av-section-cont-open' ><main  role=\"main\" itemprop=\"mainContentOfPage\"  class='template-page content  av-content-small alpha units'><div class='post-entry post-entry-type-page post-entry-1492'><div class='entry-content-wrapper clearfix'>\n<div  class='flex_column av-2ufg2c-cae7ca7914b3e550506dd2523828a71c av_one_half  avia-builder-el-1  el_before_av_one_half  avia-builder-el-first  first flex_column_div  '     ><style type=\"text\/css\" data-created_by=\"avia_inline_auto\" id=\"style-css-av-mkzp83ix-921d7e9041c23b0e0de34ffa60542219\">\n#top .av_textblock_section.av-mkzp83ix-921d7e9041c23b0e0de34ffa60542219 .avia_textblock{\ncolor:#000000;\n}\n<\/style>\n<section  class='av_textblock_section av-mkzp83ix-921d7e9041c23b0e0de34ffa60542219 '   itemscope=\"itemscope\" itemtype=\"https:\/\/schema.org\/CreativeWork\" ><div class='avia_textblock av_inherit_color'  itemprop=\"text\" ><h2 class=\"letra-somos center\">Aportes Sociales<\/h2>\n<p class=\"justify\" style=\"text-align: justify;\">Con el aporte nuestros asociados adquieren el derecho a utilizar todas las l\u00edneas de cr\u00e9dito a m\u00e1s bajo costo, teniendo en cuenta su capacidad de pago y procurando que no incurra en gastos innecesarios, as\u00ed como los dem\u00e1s servicios y beneficios que brinda el portafolio de la Cooperativa.<\/p>\n<p class=\"justify\" style=\"text-align: justify;\">La rentabilidad de los aportes est\u00e1 garantizada por la revalorizaci\u00f3n anual que decrete la Asamblea General.<\/p>\n<\/div><\/section><\/div><div  class='flex_column av-mkzp5uih-17a207a88c585f0c412c143b52ea4ce8 av_one_half  avia-builder-el-3  el_after_av_one_half  avia-builder-el-last  flex_column_div avia-full-contain  '     ><style type=\"text\/css\" data-created_by=\"avia_inline_auto\" id=\"style-css-av-mkzqmdj5-b30f8bbe532471e4e449415c91d8b164\">\n.avia-image-container.av-mkzqmdj5-b30f8bbe532471e4e449415c91d8b164 img.avia_image{\nbox-shadow:none;\n}\n.avia-image-container.av-mkzqmdj5-b30f8bbe532471e4e449415c91d8b164 .av-image-caption-overlay-center{\ncolor:#ffffff;\n}\n<\/style>\n<div  class='avia-image-container av-mkzqmdj5-b30f8bbe532471e4e449415c91d8b164 av-styling- avia-align-center  avia-builder-el-4  avia-builder-el-no-sibling '   itemprop=\"image\" itemscope=\"itemscope\" itemtype=\"https:\/\/schema.org\/ImageObject\" ><div class=\"avia-image-container-inner\"><div class=\"avia-image-overlay-wrap\"><img decoding=\"async\" fetchpriority=\"high\" class='wp-image-1494 avia-img-lazy-loading-not-1494 avia_image ' src=\"https:\/\/coominobras.coop\/wp-content\/uploads\/2026\/01\/coominobras_aportessociales2.jpg\" alt='' title='coominobras_aportessociales2'  height=\"712\" width=\"1014\"  itemprop=\"thumbnailUrl\" srcset=\"https:\/\/coominobras.coop\/wp-content\/uploads\/2026\/01\/coominobras_aportessociales2.jpg 1014w, https:\/\/coominobras.coop\/wp-content\/uploads\/2026\/01\/coominobras_aportessociales2-300x211.jpg 300w, https:\/\/coominobras.coop\/wp-content\/uploads\/2026\/01\/coominobras_aportessociales2-768x539.jpg 768w, https:\/\/coominobras.coop\/wp-content\/uploads\/2026\/01\/coominobras_aportessociales2-705x495.jpg 705w\" sizes=\"(max-width: 1014px) 100vw, 1014px\" \/><\/div><\/div><\/div><\/div><\/div><\/div><\/main><!-- close content main element --><\/div><\/div><div id='after_section_1'  class='main_color av_default_container_wrap container_wrap sidebar_right'  ><div class='container av-section-cont-open' ><div class='template-page content  av-content-small alpha units'><div class='post-entry post-entry-type-page post-entry-1492'><div class='entry-content-wrapper clearfix'>\n","protected":false},"excerpt":{"rendered":"","protected":false},"author":1,"featured_media":0,"parent":0,"menu_order":0,"comment_status":"closed","ping_status":"closed","template":"","meta":{"footnotes":""},"class_list":["post-1492","page","type-page","status-publish","hentry"],"_links":{"self":[{"href":"https:\/\/coominobras.coop\/index.php\/wp-json\/wp\/v2\/pages\/1492","targetHints":{"allow":["GET"]}}],"collection":[{"href":"https:\/\/coominobras.coop\/index.php\/wp-json\/wp\/v2\/pages"}],"about":[{"href":"https:\/\/coominobras.coop\/index.php\/wp-json\/wp\/v2\/types\/page"}],"author":[{"embeddable":true,"href":"https:\/\/coominobras.coop\/index.php\/wp-json\/wp\/v2\/users\/1"}],"replies":[{"embeddable":true,"href":"https:\/\/coominobras.coop\/index.php\/wp-json\/wp\/v2\/comments?post=1492"}],"version-history":[{"count":7,"href":"https:\/\/coominobras.coop\/index.php\/wp-json\/wp\/v2\/pages\/1492\/revisions"}],"predecessor-version":[{"id":1504,"href":"https:\/\/coominobras.coop\/index.php\/wp-json\/wp\/v2\/pages\/1492\/revisions\/1504"}],"wp:attachment":[{"href":"https:\/\/coominobras.coop\/index.php\/wp-json\/wp\/v2\/media?parent=1492"}],"curies":[{"name":"wp","href":"https:\/\/api.w.org\/{rel}","templated":true}]}}