{"id":1536,"date":"2026-02-02T11:23:41","date_gmt":"2026-02-02T11:23:41","guid":{"rendered":"https:\/\/coominobras.coop\/wordpress\/?page_id=1536"},"modified":"2026-02-04T16:35:55","modified_gmt":"2026-02-04T16:35:55","slug":"beneficios","status":"publish","type":"page","link":"https:\/\/coominobras.coop\/index.php\/beneficios\/","title":{"rendered":"Beneficios"},"content":{"rendered":"\n<style type=\"text\/css\" data-created_by=\"avia_inline_auto\" id=\"style-css-av-ml52tawm-9d8b8d5ccc13c0228a431f600f38c382\">\n.avia-section.av-ml52tawm-9d8b8d5ccc13c0228a431f600f38c382{\nbackground-color:#49ad33;\nbackground-image:unset;\n}\n<\/style>\n<div id='av_section_1'  class='avia-section av-ml52tawm-9d8b8d5ccc13c0228a431f600f38c382 main_color avia-section-default avia-no-border-styling  avia-builder-el-0  el_before_av_section  avia-builder-el-first  avia-bg-style-scroll container_wrap sidebar_right'  ><div class='container av-section-cont-open' ><main  role=\"main\" itemprop=\"mainContentOfPage\"  class='template-page content  av-content-small alpha units'><div class='post-entry post-entry-type-page post-entry-1536'><div class='entry-content-wrapper clearfix'>\n<div  class='flex_column av-7f3qb4-663dd64d8b31fc65ba340fa08835dab1 av_one_half  avia-builder-el-1  el_before_av_one_half  avia-builder-el-first  first flex_column_div  '     ><p>\n<style type=\"text\/css\" data-created_by=\"avia_inline_auto\" id=\"style-css-av-ml52q5kw-3c5dbd2d78ee5008f84370c649875d22\">\n#top .av-special-heading.av-ml52q5kw-3c5dbd2d78ee5008f84370c649875d22{\npadding-bottom:10px;\ncolor:#ffffff;\n}\nbody .av-special-heading.av-ml52q5kw-3c5dbd2d78ee5008f84370c649875d22 .av-special-heading-tag .heading-char{\nfont-size:25px;\n}\n.av-special-heading.av-ml52q5kw-3c5dbd2d78ee5008f84370c649875d22 .special-heading-inner-border{\nborder-color:#ffffff;\n}\n.av-special-heading.av-ml52q5kw-3c5dbd2d78ee5008f84370c649875d22 .av-subheading{\nfont-size:15px;\n}\n<\/style>\n<div  class='av-special-heading av-ml52q5kw-3c5dbd2d78ee5008f84370c649875d22 av-special-heading-h3 custom-color-heading  avia-builder-el-2  el_before_av_textblock  avia-builder-el-first '><h3 class='av-special-heading-tag '  itemprop=\"headline\"  >Auxilio por incapacidad m\u00e9dica del asociado<\/h3><div class=\"special-heading-border\"><div class=\"special-heading-inner-border\"><\/div><\/div><\/div><br \/>\n\n<style type=\"text\/css\" data-created_by=\"avia_inline_auto\" id=\"style-css-av-ml52r8xg-990463a13818ebde6962998b109de108\">\n#top .av_textblock_section.av-ml52r8xg-990463a13818ebde6962998b109de108 .avia_textblock{\ncolor:#ffffff;\n}\n<\/style>\n<section  class='av_textblock_section av-ml52r8xg-990463a13818ebde6962998b109de108 '   itemscope=\"itemscope\" itemtype=\"https:\/\/schema.org\/CreativeWork\" ><div class='avia_textblock av_inherit_color'  itemprop=\"text\" ><p style=\"text-align: justify;\">A partir de 3 d\u00edas consecutivos de incapacidad.<br \/>\n<b>Condiciones<\/b><\/p>\n<ul>\n<li style=\"text-align: justify;\">Carta haciendo la solicitud<\/li>\n<li style=\"text-align: justify;\">Fotocopia incapacidad<\/li>\n<li style=\"text-align: justify;\">Fotocopia certificaci\u00f3n curso b\u00e1sico de Cooperativismo<\/li>\n<li style=\"text-align: justify;\">Fotocopia de la c\u00e9dula<\/li>\n<li style=\"text-align: justify;\">Llevar mas de un a\u00f1o asociado a la cooperativa<\/li>\n<li style=\"text-align: justify;\">Estar al d\u00eda en todas las obligaciones<\/li>\n<\/ul>\n<\/div><\/section><\/p><\/div><div  class='flex_column av-6cs23k-3d4fee0a7e1552a1fb4541789731e04d av_one_half  avia-builder-el-4  el_after_av_one_half  avia-builder-el-last  flex_column_div  '     ><style type=\"text\/css\" data-created_by=\"avia_inline_auto\" id=\"style-css-av-ml52uef4-32f9dc5c859f61990730418bd731f60d\">\n.avia-image-container.av-ml52uef4-32f9dc5c859f61990730418bd731f60d img.avia_image{\nbox-shadow:none;\n}\n.avia-image-container.av-ml52uef4-32f9dc5c859f61990730418bd731f60d .av-image-caption-overlay-center{\ncolor:#ffffff;\n}\n<\/style>\n<div  class='avia-image-container av-ml52uef4-32f9dc5c859f61990730418bd731f60d av-styling- avia-align-center  avia-builder-el-5  avia-builder-el-no-sibling '   itemprop=\"image\" itemscope=\"itemscope\" itemtype=\"https:\/\/schema.org\/ImageObject\" ><div class=\"avia-image-container-inner\"><div class=\"avia-image-overlay-wrap\"><img decoding=\"async\" fetchpriority=\"high\" class='wp-image-1537 avia-img-lazy-loading-not-1537 avia_image ' src=\"https:\/\/coominobras.coop\/wp-content\/uploads\/2026\/02\/08.jpeg\" alt='' title='08'  height=\"807\" width=\"1200\"  itemprop=\"thumbnailUrl\" srcset=\"https:\/\/coominobras.coop\/wp-content\/uploads\/2026\/02\/08.jpeg 1200w, https:\/\/coominobras.coop\/wp-content\/uploads\/2026\/02\/08-300x202.jpeg 300w, https:\/\/coominobras.coop\/wp-content\/uploads\/2026\/02\/08-1030x693.jpeg 1030w, https:\/\/coominobras.coop\/wp-content\/uploads\/2026\/02\/08-768x516.jpeg 768w, https:\/\/coominobras.coop\/wp-content\/uploads\/2026\/02\/08-705x474.jpeg 705w\" sizes=\"(max-width: 1200px) 100vw, 1200px\" \/><\/div><\/div><\/div><\/div><\/div><\/div><\/main><!-- close content main element --><\/div><\/div><div id='av_section_2'  class='avia-section av-98gs0-817ae9c61f302a09c87f23b2af70e7e1 main_color avia-section-default avia-no-border-styling  avia-builder-el-6  el_after_av_section  avia-builder-el-last  avia-bg-style-scroll container_wrap sidebar_right'  ><div class='container av-section-cont-open' ><div class='template-page content  av-content-small alpha units'><div class='post-entry post-entry-type-page post-entry-1536'><div class='entry-content-wrapper clearfix'>\n<div  class='flex_column av-26i1ao-2196aedec1bf7d3dc99a50c94e675f98 av_one_half  avia-builder-el-7  el_before_av_one_half  avia-builder-el-first  first flex_column_div  '     ><style type=\"text\/css\" data-created_by=\"avia_inline_auto\" id=\"style-css-av-ml5301ag-faf346c858f636df9063c0b629a1146f\">\n.avia-image-container.av-ml5301ag-faf346c858f636df9063c0b629a1146f img.avia_image{\nbox-shadow:none;\n}\n.avia-image-container.av-ml5301ag-faf346c858f636df9063c0b629a1146f .av-image-caption-overlay-center{\ncolor:#ffffff;\n}\n<\/style>\n<div  class='avia-image-container av-ml5301ag-faf346c858f636df9063c0b629a1146f av-styling- avia-align-center  avia-builder-el-8  avia-builder-el-no-sibling '   itemprop=\"image\" itemscope=\"itemscope\" itemtype=\"https:\/\/schema.org\/ImageObject\" ><div class=\"avia-image-container-inner\"><div class=\"avia-image-overlay-wrap\"><img decoding=\"async\" fetchpriority=\"high\" class='wp-image-1538 avia-img-lazy-loading-not-1538 avia_image ' src=\"https:\/\/coominobras.coop\/wp-content\/uploads\/2026\/02\/10.jpeg\" alt='' title='10'  height=\"807\" width=\"1200\"  itemprop=\"thumbnailUrl\" srcset=\"https:\/\/coominobras.coop\/wp-content\/uploads\/2026\/02\/10.jpeg 1200w, https:\/\/coominobras.coop\/wp-content\/uploads\/2026\/02\/10-300x202.jpeg 300w, https:\/\/coominobras.coop\/wp-content\/uploads\/2026\/02\/10-1030x693.jpeg 1030w, https:\/\/coominobras.coop\/wp-content\/uploads\/2026\/02\/10-768x516.jpeg 768w, https:\/\/coominobras.coop\/wp-content\/uploads\/2026\/02\/10-705x474.jpeg 705w\" sizes=\"(max-width: 1200px) 100vw, 1200px\" \/><\/div><\/div><\/div><\/div><div  class='flex_column av-3rw80g-51736a04f18941df3d4de96f4680e3e1 av_one_half  avia-builder-el-9  el_after_av_one_half  avia-builder-el-last  flex_column_div  '     ><p>\n<style type=\"text\/css\" data-created_by=\"avia_inline_auto\" id=\"style-css-av-ml52xpor-3ad40a899edf18b036935a5f72b24aea\">\n#top .av-special-heading.av-ml52xpor-3ad40a899edf18b036935a5f72b24aea{\npadding-bottom:10px;\n}\nbody .av-special-heading.av-ml52xpor-3ad40a899edf18b036935a5f72b24aea .av-special-heading-tag .heading-char{\nfont-size:25px;\n}\n.av-special-heading.av-ml52xpor-3ad40a899edf18b036935a5f72b24aea .av-subheading{\nfont-size:15px;\n}\n<\/style>\n<div  class='av-special-heading av-ml52xpor-3ad40a899edf18b036935a5f72b24aea av-special-heading-h3  avia-builder-el-10  el_before_av_textblock  avia-builder-el-first '><h3 class='av-special-heading-tag '  itemprop=\"headline\"  >Plan exequial gratis para el asociado y 7 personas de su n\u00facleo familiar<\/h3><div class=\"special-heading-border\"><div class=\"special-heading-inner-border\"><\/div><\/div><\/div><br \/>\n\n<style type=\"text\/css\" data-created_by=\"avia_inline_auto\" id=\"style-css-av-ml52zbip-b645dddf98b94ad29f146c10656875f9\">\n#top .av_textblock_section.av-ml52zbip-b645dddf98b94ad29f146c10656875f9 .avia_textblock{\ncolor:#000000;\n}\n<\/style>\n<section  class='av_textblock_section av-ml52zbip-b645dddf98b94ad29f146c10656875f9 '   itemscope=\"itemscope\" itemtype=\"https:\/\/schema.org\/CreativeWork\" ><div class='avia_textblock av_inherit_color'  itemprop=\"text\" ><p style=\"text-align: justify;\"><b>Condiciones<\/b><\/p>\n<ul>\n<li style=\"text-align: justify;\">En las renovaciones que se hacen cada a\u00f1o en los meses de Noviembre y Diciembre se hacen modificaciones Anexos o retiros de beneficiarios<\/li>\n<li style=\"text-align: justify;\">Titular hasta los 60 a\u00f1os al momento de la afiliaci\u00f3n<\/li>\n<li style=\"text-align: justify;\">Para padres o suegros sin l\u00edmite de edad (M\u00e1ximo 2 personas)<\/li>\n<li style=\"text-align: justify;\">Edad m\u00e1xima para c\u00f3nyuge o compa\u00f1era permanente, hijos, hermanos, nietos, t\u00edos, sobrinos, primos hasta 64 a\u00f1os<\/li>\n<li style=\"text-align: justify;\">Aplican periodos de carencia (46 \u2013 181- 366)<\/li>\n<li style=\"text-align: justify;\">Al momento de retiro de la cooperativa pierde el beneficio del plan Exequial<\/li>\n<\/ul>\n<\/div><\/section><\/p><\/div>\n<\/div><\/div><\/div><!-- close content main div --><\/div><\/div><div id='after_section_2'  class='main_color av_default_container_wrap container_wrap sidebar_right'  ><div class='container av-section-cont-open' ><div class='template-page content  av-content-small alpha units'><div class='post-entry post-entry-type-page post-entry-1536'><div class='entry-content-wrapper clearfix'><\/p>\n","protected":false},"excerpt":{"rendered":"","protected":false},"author":1,"featured_media":0,"parent":0,"menu_order":0,"comment_status":"closed","ping_status":"closed","template":"","meta":{"footnotes":""},"class_list":["post-1536","page","type-page","status-publish","hentry"],"_links":{"self":[{"href":"https:\/\/coominobras.coop\/index.php\/wp-json\/wp\/v2\/pages\/1536","targetHints":{"allow":["GET"]}}],"collection":[{"href":"https:\/\/coominobras.coop\/index.php\/wp-json\/wp\/v2\/pages"}],"about":[{"href":"https:\/\/coominobras.coop\/index.php\/wp-json\/wp\/v2\/types\/page"}],"author":[{"embeddable":true,"href":"https:\/\/coominobras.coop\/index.php\/wp-json\/wp\/v2\/users\/1"}],"replies":[{"embeddable":true,"href":"https:\/\/coominobras.coop\/index.php\/wp-json\/wp\/v2\/comments?post=1536"}],"version-history":[{"count":8,"href":"https:\/\/coominobras.coop\/index.php\/wp-json\/wp\/v2\/pages\/1536\/revisions"}],"predecessor-version":[{"id":1552,"href":"https:\/\/coominobras.coop\/index.php\/wp-json\/wp\/v2\/pages\/1536\/revisions\/1552"}],"wp:attachment":[{"href":"https:\/\/coominobras.coop\/index.php\/wp-json\/wp\/v2\/media?parent=1536"}],"curies":[{"name":"wp","href":"https:\/\/api.w.org\/{rel}","templated":true}]}}