{"id":1562,"date":"2026-02-19T16:12:47","date_gmt":"2026-02-19T16:12:47","guid":{"rendered":"https:\/\/coominobras.coop\/wordpress\/?page_id=1562"},"modified":"2026-02-19T16:49:59","modified_gmt":"2026-02-19T16:49:59","slug":"convenios","status":"publish","type":"page","link":"https:\/\/coominobras.coop\/index.php\/convenios\/","title":{"rendered":"Convenios Comerciales"},"content":{"rendered":"<div id='av_section_1'  class='avia-section av-5ajlne-33df3e5c38ee69221600edb12a71aef3 main_color avia-section-default avia-no-border-styling  avia-builder-el-0  el_before_av_one_third  avia-builder-el-first  avia-bg-style-scroll container_wrap sidebar_right'  ><div class='container av-section-cont-open' ><main  role=\"main\" itemprop=\"mainContentOfPage\"  class='template-page content  av-content-small alpha units'><div class='post-entry post-entry-type-page post-entry-1562'><div class='entry-content-wrapper clearfix'>\n<div  class='flex_column av-3ygmu2-d068f7d51a19e5e6bdb3e65e9c51b4cb av_one_full  avia-builder-el-1  avia-builder-el-no-sibling  first flex_column_div  '     ><p>\n<style type=\"text\/css\" data-created_by=\"avia_inline_auto\" id=\"style-css-av-mlto4zdz-af518c0a48c19bb016be896fc289387b\">\n#top .av-special-heading.av-mlto4zdz-af518c0a48c19bb016be896fc289387b{\npadding-bottom:10px;\n}\nbody .av-special-heading.av-mlto4zdz-af518c0a48c19bb016be896fc289387b .av-special-heading-tag .heading-char{\nfont-size:25px;\n}\n.av-special-heading.av-mlto4zdz-af518c0a48c19bb016be896fc289387b .av-subheading{\nfont-size:15px;\n}\n<\/style>\n<div  class='av-special-heading av-mlto4zdz-af518c0a48c19bb016be896fc289387b av-special-heading-h2 blockquote modern-quote modern-centered  avia-builder-el-2  el_before_av_heading  avia-builder-el-first '><h2 class='av-special-heading-tag '  itemprop=\"headline\"  >Convenios Comerciales<\/h2><div class=\"special-heading-border\"><div class=\"special-heading-inner-border\"><\/div><\/div><\/div><br \/>\n\n<style type=\"text\/css\" data-created_by=\"avia_inline_auto\" id=\"style-css-av-mlto6o5i-862b190d025e38fc864247292f484ecb\">\n#top .av-special-heading.av-mlto6o5i-862b190d025e38fc864247292f484ecb{\npadding-bottom:10px;\n}\nbody .av-special-heading.av-mlto6o5i-862b190d025e38fc864247292f484ecb .av-special-heading-tag .heading-char{\nfont-size:25px;\n}\n.av-special-heading.av-mlto6o5i-862b190d025e38fc864247292f484ecb .av-subheading{\nfont-size:15px;\n}\n<\/style>\n<div  class='av-special-heading av-mlto6o5i-862b190d025e38fc864247292f484ecb av-special-heading-h3 blockquote modern-quote modern-centered  avia-builder-el-3  el_after_av_heading  avia-builder-el-last '><h3 class='av-special-heading-tag '  itemprop=\"headline\"  >Convenio de autos<\/h3><div class=\"special-heading-border\"><div class=\"special-heading-inner-border\"><\/div><\/div><\/div><\/p><\/div>\n<\/div><\/div><\/main><!-- close content main element --><\/div><\/div><div id='after_section_1'  class='main_color av_default_container_wrap container_wrap sidebar_right'  ><div class='container av-section-cont-open' ><div class='template-page content  av-content-small alpha units'><div class='post-entry post-entry-type-page post-entry-1562'><div class='entry-content-wrapper clearfix'>\n<div class='flex_column_table av-b403ze-a41b4409f94da9c7e66f8c78fc241e54 sc-av_one_third av-equal-height-column-flextable'><div  class='flex_column av-b403ze-a41b4409f94da9c7e66f8c78fc241e54 av_one_third  avia-builder-el-4  el_after_av_section  el_before_av_two_third  avia-builder-el-first  first flex_column_table_cell av-equal-height-column av-align-middle avia-full-stretch  '     ><style type=\"text\/css\" data-created_by=\"avia_inline_auto\" id=\"style-css-av-8gltq2-a3ad9025756163abc7778b1b6893aca5\">\n.avia-image-container.av-8gltq2-a3ad9025756163abc7778b1b6893aca5 img.avia_image{\nbox-shadow:none;\n}\n.avia-image-container.av-8gltq2-a3ad9025756163abc7778b1b6893aca5 .av-image-caption-overlay-center{\ncolor:#ffffff;\n}\n<\/style>\n<div  class='avia-image-container av-8gltq2-a3ad9025756163abc7778b1b6893aca5 av-styling- avia-align-center  avia-builder-el-5  avia-builder-el-no-sibling '   itemprop=\"image\" itemscope=\"itemscope\" itemtype=\"https:\/\/schema.org\/ImageObject\" ><div class=\"avia-image-container-inner\"><div class=\"avia-image-overlay-wrap\"><img decoding=\"async\" fetchpriority=\"high\" class='wp-image-1566 avia-img-lazy-loading-not-1566 avia_image ' src=\"https:\/\/coominobras.coop\/wp-content\/uploads\/2026\/02\/logo-HDI.png\" alt='' title='logo HDI'  height=\"1125\" width=\"1550\"  itemprop=\"thumbnailUrl\" srcset=\"https:\/\/coominobras.coop\/wp-content\/uploads\/2026\/02\/logo-HDI.png 1550w, https:\/\/coominobras.coop\/wp-content\/uploads\/2026\/02\/logo-HDI-300x218.png 300w, https:\/\/coominobras.coop\/wp-content\/uploads\/2026\/02\/logo-HDI-1030x748.png 1030w, https:\/\/coominobras.coop\/wp-content\/uploads\/2026\/02\/logo-HDI-768x557.png 768w, https:\/\/coominobras.coop\/wp-content\/uploads\/2026\/02\/logo-HDI-1536x1115.png 1536w, https:\/\/coominobras.coop\/wp-content\/uploads\/2026\/02\/logo-HDI-1500x1089.png 1500w, https:\/\/coominobras.coop\/wp-content\/uploads\/2026\/02\/logo-HDI-705x512.png 705w\" sizes=\"(max-width: 1550px) 100vw, 1550px\" \/><\/div><\/div><\/div><\/div>\n<div class='av-flex-placeholder'><\/div><div  class='flex_column av-3b0l16-d8e1273037ff201fcd1eb9b521288587 av_two_third  avia-builder-el-6  el_after_av_one_third  el_before_av_one_full  flex_column_table_cell av-equal-height-column av-align-middle  '     ><style type=\"text\/css\" data-created_by=\"avia_inline_auto\" id=\"style-css-av-mltod7z1-a2d77661fb3d18dbb3a93908ab6e8f23\">\n#top .av_textblock_section.av-mltod7z1-a2d77661fb3d18dbb3a93908ab6e8f23 .avia_textblock{\ncolor:#000000;\ntext-align:justify;\n}\n<\/style>\n<section  class='av_textblock_section av-mltod7z1-a2d77661fb3d18dbb3a93908ab6e8f23 '   itemscope=\"itemscope\" itemtype=\"https:\/\/schema.org\/CreativeWork\" ><div class='avia_textblock av_inherit_color'  itemprop=\"text\" ><p>El convenio de autos es un acuerdo entre dos partes que establece las condiciones para el uso, adquisici\u00f3n, renta o prestaci\u00f3n de servicios relacionados con veh\u00edculos.<br \/>\nEn \u00e9l se definen aspectos como responsabilidades, beneficios, costos, plazos y obligaciones, con el objetivo de regular la relaci\u00f3n de manera clara y segura para todas las partes involucradas.<br \/>\nPuede solicitar la cotizaci\u00f3n de la p\u00f3liza colectiva o individual con nuestro corredor de seguros.<\/p>\n<\/div><\/section><\/div><\/div><!--close column table wrapper. Autoclose: 1 -->\n<div  class='flex_column av-7xovu2-2817e26275531ddca8694a837d68a2f8 av_one_full  avia-builder-el-8  el_after_av_two_third  el_before_av_one_third  first flex_column_div  column-top-margin'     ><style type=\"text\/css\" data-created_by=\"avia_inline_auto\" id=\"style-css-av-5qt5wa-d225ec8d58e2d0dd543d97444e14cc0c\">\n#top .av-special-heading.av-5qt5wa-d225ec8d58e2d0dd543d97444e14cc0c{\npadding-bottom:10px;\n}\nbody .av-special-heading.av-5qt5wa-d225ec8d58e2d0dd543d97444e14cc0c .av-special-heading-tag .heading-char{\nfont-size:25px;\n}\n.av-special-heading.av-5qt5wa-d225ec8d58e2d0dd543d97444e14cc0c .av-subheading{\nfont-size:15px;\n}\n<\/style>\n<div  class='av-special-heading av-5qt5wa-d225ec8d58e2d0dd543d97444e14cc0c av-special-heading-h3 blockquote modern-quote modern-centered  avia-builder-el-9  avia-builder-el-no-sibling '><h3 class='av-special-heading-tag '  itemprop=\"headline\"  >Convenio de medicina prepaga<\/h3><div class=\"special-heading-border\"><div class=\"special-heading-inner-border\"><\/div><\/div><\/div><\/div>\n<div class='flex_column_table av-mltogt76-84b0f7918992bdcc0b3c6e3dadea0d8b sc-av_one_third av-equal-height-column-flextable'><div  class='flex_column av-mltogt76-84b0f7918992bdcc0b3c6e3dadea0d8b av_one_third  avia-builder-el-10  el_after_av_one_full  el_before_av_two_third  first flex_column_table_cell av-equal-height-column av-align-middle avia-full-stretch  column-top-margin'     ><style type=\"text\/css\" data-created_by=\"avia_inline_auto\" id=\"style-css-av-mltopubi-2b340876f45e4a7d82ab3da85963b060\">\n.avia-image-diff-container.av-mltopubi-2b340876f45e4a7d82ab3da85963b060 .av-image-diff-handle{\nbox-shadow:0 0 12px rgba(51, 51, 51, 0.5);\n}\n.avia-image-diff-container.av-mltopubi-2b340876f45e4a7d82ab3da85963b060 .av-image-diff-handle:before{\nbox-shadow:0 3px 0 #fff, 0px 0px 12px rgba(51, 51, 51, 0.5);\n}\n.avia-image-diff-container.av-mltopubi-2b340876f45e4a7d82ab3da85963b060 .av-image-diff-handle:after{\nbox-shadow:0 3px 0 #fff, 0px 0px 12px rgba(51, 51, 51, 0.5);\n}\n<\/style>\n<div  class='avia-image-diff-container av-mltopubi-2b340876f45e4a7d82ab3da85963b060 av-handle-vertical av-handle-circle av-handle-border btn-style-rounded av-line-default avia-align-center  avia-builder-el-11  avia-builder-el-no-sibling ' data-image_diff=\"{&quot;drag_start&quot;:&quot;&quot;}\"  itemprop=\"image\" itemscope=\"itemscope\" itemtype=\"https:\/\/schema.org\/ImageObject\" ><div class=\"av-image-diff-wrapper\"><img decoding=\"async\" fetchpriority=\"high\" class='wp-image-1576 avia-img-lazy-loading-not-1576 avia_image av-img-before ' src=\"https:\/\/coominobras.coop\/wp-content\/uploads\/2026\/02\/2.png\" alt='' title='2'  height=\"1000\" width=\"1000\"  itemprop=\"thumbnailUrl\" srcset=\"https:\/\/coominobras.coop\/wp-content\/uploads\/2026\/02\/2.png 1000w, https:\/\/coominobras.coop\/wp-content\/uploads\/2026\/02\/2-300x300.png 300w, https:\/\/coominobras.coop\/wp-content\/uploads\/2026\/02\/2-80x80.png 80w, https:\/\/coominobras.coop\/wp-content\/uploads\/2026\/02\/2-768x768.png 768w, https:\/\/coominobras.coop\/wp-content\/uploads\/2026\/02\/2-36x36.png 36w, https:\/\/coominobras.coop\/wp-content\/uploads\/2026\/02\/2-180x180.png 180w, https:\/\/coominobras.coop\/wp-content\/uploads\/2026\/02\/2-705x705.png 705w\" sizes=\"(max-width: 1000px) 100vw, 1000px\" \/><img decoding=\"async\" fetchpriority=\"high\" class='wp-image-1577 avia-img-lazy-loading-not-1577 avia_image av-img-after' src=\"https:\/\/coominobras.coop\/wp-content\/uploads\/2026\/02\/3.png\" alt='' title='3'  height=\"1000\" width=\"1000\"  itemprop=\"thumbnailUrl\" srcset=\"https:\/\/coominobras.coop\/wp-content\/uploads\/2026\/02\/3.png 1000w, https:\/\/coominobras.coop\/wp-content\/uploads\/2026\/02\/3-300x300.png 300w, https:\/\/coominobras.coop\/wp-content\/uploads\/2026\/02\/3-80x80.png 80w, https:\/\/coominobras.coop\/wp-content\/uploads\/2026\/02\/3-768x768.png 768w, https:\/\/coominobras.coop\/wp-content\/uploads\/2026\/02\/3-36x36.png 36w, https:\/\/coominobras.coop\/wp-content\/uploads\/2026\/02\/3-180x180.png 180w, https:\/\/coominobras.coop\/wp-content\/uploads\/2026\/02\/3-705x705.png 705w\" sizes=\"(max-width: 1000px) 100vw, 1000px\" \/><div class=\"av-image-diff-overlay\"><span class=\"av-img-diff-label label-before\">Colsanita<\/span><span class=\"av-img-diff-label label-after\">Medplus<\/span><\/div><div class=\"av-image-diff-handle\"><span class=\"av-handle-arrow av-handle-left-arrow\"><\/span><span class=\"av-handle-arrow av-handle-right-arrow\"><\/span><\/div><\/div><\/div><\/div>\n<div class='av-flex-placeholder'><\/div><div  class='flex_column av-4xxn22-1a2b12d4c8724a7669597f15b50239a0 av_two_third  avia-builder-el-12  el_after_av_one_third  el_before_av_one_full  flex_column_table_cell av-equal-height-column av-align-middle  column-top-margin'     ><style type=\"text\/css\" data-created_by=\"avia_inline_auto\" id=\"style-css-av-2tsq7u-f855af3a7ad0b2c9675820427fb38f0a\">\n#top .av_textblock_section.av-2tsq7u-f855af3a7ad0b2c9675820427fb38f0a .avia_textblock{\ncolor:#000000;\ntext-align:justify;\n}\n<\/style>\n<section  class='av_textblock_section av-2tsq7u-f855af3a7ad0b2c9675820427fb38f0a '   itemscope=\"itemscope\" itemtype=\"https:\/\/schema.org\/CreativeWork\" ><div class='avia_textblock av_inherit_color'  itemprop=\"text\" ><p>El convenio de medicina prepagada es un acuerdo mediante el cual un asociado con una entidad prestadora del servicio, a cambio de un pago anticipado, tiene acceso a servicios m\u00e9dicos y de salud previamente establecidos. Este convenio define la cobertura, los beneficios, las condiciones de atenci\u00f3n, los costos y las responsabilidades de las partes, garantizando el acceso oportuno a servicios m\u00e9dicos conforme a lo pactado.<\/p>\n<p>Puede solicitar informaci\u00f3n de cobertura con el asesor:<\/p>\n<\/div><\/section><\/div><\/div><!--close column table wrapper. Autoclose: 1 -->\n<div  class='flex_column av-av_one_full-4453fbc7e8da734fe9d5824da1c72891 av_one_full  avia-builder-el-14  el_after_av_two_third  el_before_av_one_third  first flex_column_div  column-top-margin'     ><style type=\"text\/css\" data-created_by=\"avia_inline_auto\" id=\"style-css-av-mltp1jvq-e696d238ea3fba2eb368f3c7dd3c4e56\">\n#top .av-special-heading.av-mltp1jvq-e696d238ea3fba2eb368f3c7dd3c4e56{\npadding-bottom:10px;\n}\nbody .av-special-heading.av-mltp1jvq-e696d238ea3fba2eb368f3c7dd3c4e56 .av-special-heading-tag .heading-char{\nfont-size:25px;\n}\n.av-special-heading.av-mltp1jvq-e696d238ea3fba2eb368f3c7dd3c4e56 .av-subheading{\nfont-size:15px;\n}\n<\/style>\n<div  class='av-special-heading av-mltp1jvq-e696d238ea3fba2eb368f3c7dd3c4e56 av-special-heading-h3 blockquote modern-quote modern-centered  avia-builder-el-15  avia-builder-el-no-sibling '><h3 class='av-special-heading-tag '  itemprop=\"headline\"  >Convenio de emergencia domiciliaria<\/h3><div class=\"special-heading-border\"><div class=\"special-heading-inner-border\"><\/div><\/div><\/div><\/div><div class='flex_column_table av-av_one_third-ce7bdb6c9373d36fe8db0d7cf82a0a6d sc-av_one_third av-equal-height-column-flextable'><div  class='flex_column av-av_one_third-ce7bdb6c9373d36fe8db0d7cf82a0a6d av_one_third  avia-builder-el-16  el_after_av_one_full  el_before_av_two_third  first flex_column_table_cell av-equal-height-column av-align-middle avia-full-stretch  column-top-margin'     ><style type=\"text\/css\" data-created_by=\"avia_inline_auto\" id=\"style-css-av-mltp3v1l-b583f74af872256b430d6174ed9222c4\">\n.avia-image-diff-container.av-mltp3v1l-b583f74af872256b430d6174ed9222c4 .av-image-diff-handle{\nbox-shadow:0 0 12px rgba(51, 51, 51, 0.5);\n}\n.avia-image-diff-container.av-mltp3v1l-b583f74af872256b430d6174ed9222c4 .av-image-diff-handle:before{\nbox-shadow:0 3px 0 #fff, 0px 0px 12px rgba(51, 51, 51, 0.5);\n}\n.avia-image-diff-container.av-mltp3v1l-b583f74af872256b430d6174ed9222c4 .av-image-diff-handle:after{\nbox-shadow:0 3px 0 #fff, 0px 0px 12px rgba(51, 51, 51, 0.5);\n}\n<\/style>\n<div  class='avia-image-diff-container av-mltp3v1l-b583f74af872256b430d6174ed9222c4 av-handle-vertical av-handle-circle av-handle-border btn-style-rounded av-line-default avia-align-center  avia-builder-el-17  avia-builder-el-no-sibling ' data-image_diff=\"{&quot;drag_start&quot;:&quot;&quot;}\"  itemprop=\"image\" itemscope=\"itemscope\" itemtype=\"https:\/\/schema.org\/ImageObject\" ><div class=\"av-image-diff-wrapper\"><img decoding=\"async\" fetchpriority=\"high\" class='wp-image-1575 avia-img-lazy-loading-not-1575 avia_image av-img-before ' src=\"https:\/\/coominobras.coop\/wp-content\/uploads\/2026\/02\/1.png\" alt='' title='1'  height=\"1000\" width=\"1000\"  itemprop=\"thumbnailUrl\" srcset=\"https:\/\/coominobras.coop\/wp-content\/uploads\/2026\/02\/1.png 1000w, https:\/\/coominobras.coop\/wp-content\/uploads\/2026\/02\/1-300x300.png 300w, https:\/\/coominobras.coop\/wp-content\/uploads\/2026\/02\/1-80x80.png 80w, https:\/\/coominobras.coop\/wp-content\/uploads\/2026\/02\/1-768x768.png 768w, https:\/\/coominobras.coop\/wp-content\/uploads\/2026\/02\/1-36x36.png 36w, https:\/\/coominobras.coop\/wp-content\/uploads\/2026\/02\/1-180x180.png 180w, https:\/\/coominobras.coop\/wp-content\/uploads\/2026\/02\/1-705x705.png 705w\" sizes=\"(max-width: 1000px) 100vw, 1000px\" \/><img decoding=\"async\" fetchpriority=\"high\" class='wp-image-1578 avia-img-lazy-loading-not-1578 avia_image av-img-after' src=\"https:\/\/coominobras.coop\/wp-content\/uploads\/2026\/02\/4.png\" alt='' title='4'  height=\"1000\" width=\"1000\"  itemprop=\"thumbnailUrl\" srcset=\"https:\/\/coominobras.coop\/wp-content\/uploads\/2026\/02\/4.png 1000w, https:\/\/coominobras.coop\/wp-content\/uploads\/2026\/02\/4-300x300.png 300w, https:\/\/coominobras.coop\/wp-content\/uploads\/2026\/02\/4-80x80.png 80w, https:\/\/coominobras.coop\/wp-content\/uploads\/2026\/02\/4-768x768.png 768w, https:\/\/coominobras.coop\/wp-content\/uploads\/2026\/02\/4-36x36.png 36w, https:\/\/coominobras.coop\/wp-content\/uploads\/2026\/02\/4-180x180.png 180w, https:\/\/coominobras.coop\/wp-content\/uploads\/2026\/02\/4-705x705.png 705w\" sizes=\"(max-width: 1000px) 100vw, 1000px\" \/><div class=\"av-image-diff-overlay\"><span class=\"av-img-diff-label label-before\">HDI<\/span><span class=\"av-img-diff-label label-after\">Emmi<\/span><\/div><div class=\"av-image-diff-handle\"><span class=\"av-handle-arrow av-handle-left-arrow\"><\/span><span class=\"av-handle-arrow av-handle-right-arrow\"><\/span><\/div><\/div><\/div><\/div><div class='av-flex-placeholder'><\/div><div  class='flex_column av-av_two_third-0aea53b2b2b1640975a748149304d755 av_two_third  avia-builder-el-18  el_after_av_one_third  avia-builder-el-last  flex_column_table_cell av-equal-height-column av-align-middle  column-top-margin'     ><style type=\"text\/css\" data-created_by=\"avia_inline_auto\" id=\"style-css-av-mltp56fl-7913781ce4d282bfcc9ee92bbf3c96c6\">\n#top .av_textblock_section.av-mltp56fl-7913781ce4d282bfcc9ee92bbf3c96c6 .avia_textblock{\ncolor:#000000;\ntext-align:justify;\n}\n<\/style>\n<section  class='av_textblock_section av-mltp56fl-7913781ce4d282bfcc9ee92bbf3c96c6 '   itemscope=\"itemscope\" itemtype=\"https:\/\/schema.org\/CreativeWork\" ><div class='avia_textblock av_inherit_color'  itemprop=\"text\" ><p>El convenio de emergencia domiciliaria es un acuerdo mediante el cual se brinda atenci\u00f3n m\u00e9dica de urgencia en el domicilio del asociado, garantizando asistencia oportuna ante situaciones imprevistas de salud. En este convenio se establecen las condiciones del servicio, la cobertura, los tiempos de respuesta y las responsabilidades de las partes, con el fin de asegurar una atenci\u00f3n r\u00e1pida y adecuada.<br \/>\nPuede solicitar la cotizaci\u00f3n informaci\u00f3n de cobertura con nuestro corredor de seguros.<\/p>\n<\/div><\/section><\/div><\/div><!--close column table wrapper. Autoclose: 1 --><\/p>\n","protected":false},"excerpt":{"rendered":"","protected":false},"author":1,"featured_media":0,"parent":0,"menu_order":0,"comment_status":"closed","ping_status":"closed","template":"","meta":{"footnotes":""},"class_list":["post-1562","page","type-page","status-publish","hentry"],"_links":{"self":[{"href":"https:\/\/coominobras.coop\/index.php\/wp-json\/wp\/v2\/pages\/1562","targetHints":{"allow":["GET"]}}],"collection":[{"href":"https:\/\/coominobras.coop\/index.php\/wp-json\/wp\/v2\/pages"}],"about":[{"href":"https:\/\/coominobras.coop\/index.php\/wp-json\/wp\/v2\/types\/page"}],"author":[{"embeddable":true,"href":"https:\/\/coominobras.coop\/index.php\/wp-json\/wp\/v2\/users\/1"}],"replies":[{"embeddable":true,"href":"https:\/\/coominobras.coop\/index.php\/wp-json\/wp\/v2\/comments?post=1562"}],"version-history":[{"count":13,"href":"https:\/\/coominobras.coop\/index.php\/wp-json\/wp\/v2\/pages\/1562\/revisions"}],"predecessor-version":[{"id":1628,"href":"https:\/\/coominobras.coop\/index.php\/wp-json\/wp\/v2\/pages\/1562\/revisions\/1628"}],"wp:attachment":[{"href":"https:\/\/coominobras.coop\/index.php\/wp-json\/wp\/v2\/media?parent=1562"}],"curies":[{"name":"wp","href":"https:\/\/api.w.org\/{rel}","templated":true}]}}