{"id":948,"date":"2016-07-15T14:19:13","date_gmt":"2016-07-15T14:19:13","guid":{"rendered":"http:\/\/test.kriesi.at\/enfold-medical\/?page_id=948"},"modified":"2026-03-17T17:09:18","modified_gmt":"2026-03-17T17:09:18","slug":"estatutos","status":"publish","type":"page","link":"https:\/\/coominobras.coop\/index.php\/our-clinic\/estatutos\/","title":{"rendered":"Estatutos"},"content":{"rendered":"<div id='av-layout-grid-1'  class='av-layout-grid-container av-86adc4-915a36292e78a638909b666aed8acf39 entry-content-wrapper main_color av-flex-cells  avia-builder-el-0  el_before_av_section  avia-builder-el-first   container_wrap sidebar_right'  >\n\n<style type=\"text\/css\" data-created_by=\"avia_inline_auto\" id=\"style-css-av-swp8k-b3b425894c141881c1f490ba6d3028cd\">\n.flex_cell.av-swp8k-b3b425894c141881c1f490ba6d3028cd{\nvertical-align:middle;\nheight:500px;\nmin-height:500px;\nbackground:url(https:\/\/coominobras.coop\/wp-content\/uploads\/2026\/01\/calidad.png) 50% 0% no-repeat scroll #0d8717;\n}\n.responsive #top #wrap_all .flex_cell.av-swp8k-b3b425894c141881c1f490ba6d3028cd{\npadding:0px 0px 0px 0px !important;\n}\n<\/style>\n<div class='flex_cell av-swp8k-b3b425894c141881c1f490ba6d3028cd av-gridrow-cell av_one_half no_margin  avia-builder-el-1  el_before_av_cell_one_half  avia-builder-el-first  content-align-middle av-zero-padding avia-full-stretch'  ><div class='flex_cell_inner'><\/div><\/div>\n<style type=\"text\/css\" data-created_by=\"avia_inline_auto\" id=\"style-css-av-sez4c-fba8f9e1ee0bf0fac104cc7e885eec46\">\n.flex_cell.av-sez4c-fba8f9e1ee0bf0fac104cc7e885eec46{\nvertical-align:middle;\nheight:500px;\nmin-height:500px;\nbackground-color:#0d8717;\n}\n.responsive #top #wrap_all .flex_cell.av-sez4c-fba8f9e1ee0bf0fac104cc7e885eec46{\npadding:80px 80px 80px 80px !important;\n}\n<\/style>\n<div class='flex_cell av-sez4c-fba8f9e1ee0bf0fac104cc7e885eec46 av-gridrow-cell av_one_half no_margin  avia-builder-el-2  el_after_av_cell_one_half  avia-builder-el-last  content-align-middle'  ><div class='flex_cell_inner'><p>\n<style type=\"text\/css\" data-created_by=\"avia_inline_auto\" id=\"style-css-av-7rfcj8-091d518669d798a8bd8fe65df516aac3\">\n#top .av-special-heading.av-7rfcj8-091d518669d798a8bd8fe65df516aac3{\npadding-bottom:25px;\ncolor:#ffffff;\nfont-size:34px;\n}\nbody .av-special-heading.av-7rfcj8-091d518669d798a8bd8fe65df516aac3 .av-special-heading-tag .heading-char{\nfont-size:25px;\n}\n#top #wrap_all .av-special-heading.av-7rfcj8-091d518669d798a8bd8fe65df516aac3 .av-special-heading-tag{\nfont-size:34px;\n}\n.av-special-heading.av-7rfcj8-091d518669d798a8bd8fe65df516aac3 .special-heading-inner-border{\nborder-color:#ffffff;\n}\n.av-special-heading.av-7rfcj8-091d518669d798a8bd8fe65df516aac3 .av-subheading{\nfont-size:15px;\n}\n\n@media only screen and (min-width: 480px) and (max-width: 767px){ \n#top #wrap_all .av-special-heading.av-7rfcj8-091d518669d798a8bd8fe65df516aac3 .av-special-heading-tag{\nfont-size:0.8em;\n}\n}\n\n@media only screen and (max-width: 479px){ \n#top #wrap_all .av-special-heading.av-7rfcj8-091d518669d798a8bd8fe65df516aac3 .av-special-heading-tag{\nfont-size:0.8em;\n}\n}\n<\/style>\n<div  class='av-special-heading av-7rfcj8-091d518669d798a8bd8fe65df516aac3 av-special-heading-h3 custom-color-heading blockquote modern-quote  avia-builder-el-3  el_before_av_textblock  avia-builder-el-first  av-inherit-size'><div class='av_custom_color av-subheading av-subheading_above'><p>ESTATUTO COOPERATIVA DE SERVIDORES P\u00daBLICOS \u00abCOOMINOBRAS\u00bb.<\/p>\n<\/div><h3 class='av-special-heading-tag '  itemprop=\"headline\"  > CAPITULO I NOMBRE, NATURALEZA JURIDICA, DOMICILIO Y AMBITO TERRITORIAL DE OPERACIONES<\/h3><div class=\"special-heading-border\"><div class=\"special-heading-inner-border\"><\/div><\/div><\/div><br \/>\n\n<style type=\"text\/css\" data-created_by=\"avia_inline_auto\" id=\"style-css-av-7l6ejg-698ce092e17ca23c3d9327b0f504f4a5\">\n#top .av_textblock_section.av-7l6ejg-698ce092e17ca23c3d9327b0f504f4a5 .avia_textblock{\ncolor:#ffffff;\n}\n<\/style>\n<section  class='av_textblock_section av-7l6ejg-698ce092e17ca23c3d9327b0f504f4a5 '   itemscope=\"itemscope\" itemtype=\"https:\/\/schema.org\/CreativeWork\" ><div class='avia_textblock av_inherit_color'  itemprop=\"text\" ><p style=\"text-align: justify;\"><span data-contrast=\"auto\">ART\u00cdCULO 1.- NOMBRE, NATURALEZA JURIDICA. La COOPERATIVA DE SERVIDORES P\u00daBLICOS con la sigla \u201cCOOMINOBRAS.,\u00a0con Personer\u00eda Jur\u00eddica reconocida mediante Resoluci\u00f3n No.0387 del 12 de julio de 1950 otorgada por el Departamento Nacional de Cooperativas \u2013DANCOOP, es una empresa asociativa de derecho privado, sin \u00e1nimo de lucro, de naturaleza cooperativa, organismo de primer grado, de responsabilidad limitada, de Aporte y Cr\u00e9dito, de n\u00famero de asociados y patrimonio variables e ilimitado.<\/span><\/p>\n<p style=\"text-align: justify;\"><span data-contrast=\"auto\">Para todos los efectos legales y estatutarios, la cooperativa se podr\u00e1 identificar alternativamente, con la sigla COOMINOBRAS.<\/span><\/p>\n<p style=\"text-align: justify;\"><span data-contrast=\"auto\">La entidad se regir\u00e1 por la doctrina, los valores y los principios universales del Cooperativismo, las disposiciones legales vigentes aplicables a las entidades de econom\u00eda solidaria, as\u00ed como por el presente Estatuto.<\/span><span data-ccp-props=\"{}\">\u00a0<\/span><\/p>\n<p style=\"text-align: justify;\"><span data-ccp-props=\"{}\">\u00a0<\/span><\/p>\n<p style=\"text-align: justify;\"><span data-contrast=\"auto\">El texto total del presente Estatuto fue aprobado en la LXXXV Asamblea General Extraordinaria de\u00a0Delegados\u00a0de la Cooperativa de Servidores P\u00fablicos -\u202f<\/span><b><span data-contrast=\"auto\">COOMINOBRAS<\/span><\/b><span data-contrast=\"auto\">, celebrada el s\u00e1bado 17 de\u00a0Noviembre\u00a0de 2018.<\/span><span data-ccp-props=\"{}\">\u00a0<\/span><\/p>\n<\/div><\/section><\/p>\n<\/div><\/div>\n<\/div>\n<div id='av_section_1'  class='avia-section av-7e2pak-cdc7b9d302c3cf50aa924b2275f316df main_color avia-section-huge avia-no-border-styling  avia-builder-el-5  el_after_av_layout_row  avia-builder-el-last  avia-bg-style-scroll container_wrap sidebar_right'  ><div class='container av-section-cont-open' ><div class='template-page content  av-content-small alpha units'><div class='post-entry post-entry-type-page post-entry-948'><div class='entry-content-wrapper clearfix'>\n<div class='flex_column_table av-799ml0-f06bad9dfa8d3722f537ce7786665c7f sc-av_one_third av-equal-height-column-flextable'>\n<style type=\"text\/css\" data-created_by=\"avia_inline_auto\" id=\"style-css-av-799ml0-f06bad9dfa8d3722f537ce7786665c7f\">\n#top .flex_column_table.av-equal-height-column-flextable.av-799ml0-f06bad9dfa8d3722f537ce7786665c7f{\nmargin-top:-200px;\nmargin-bottom:0px;\n}\n.flex_column.av-799ml0-f06bad9dfa8d3722f537ce7786665c7f{\nborder-radius:0px 0px 0px 0px;\npadding:40px 40px 40px 40px;\n}\n<\/style>\n<div  class='flex_column av-799ml0-f06bad9dfa8d3722f537ce7786665c7f av_one_third  avia-builder-el-6  el_before_av_one_third  avia-builder-el-first  first no_margin flex_column_table_cell av-equal-height-column av-align-top  '     ><\/div>\n<style type=\"text\/css\" data-created_by=\"avia_inline_auto\" id=\"style-css-av-71o5oc-b226591b576ebef5d25e09d2c331371f\">\n#top .flex_column_table.av-equal-height-column-flextable.av-71o5oc-b226591b576ebef5d25e09d2c331371f{\nmargin-top:-200px;\nmargin-bottom:0px;\n}\n.flex_column.av-71o5oc-b226591b576ebef5d25e09d2c331371f{\nborder-radius:0px 0px 0px 0px;\npadding:40px 40px 40px 40px;\nbackground-color:#0d8717;\n}\n<\/style>\n<div  class='flex_column av-71o5oc-b226591b576ebef5d25e09d2c331371f av_one_third  avia-builder-el-7  el_after_av_one_third  el_before_av_one_third  no_margin flex_column_table_cell av-equal-height-column av-align-top  '     ><p>\n<style type=\"text\/css\" data-created_by=\"avia_inline_auto\" id=\"style-css-av-6vwkok-7269967530d2ae795d1b2241878dab4e\">\n.av_font_icon.av-6vwkok-7269967530d2ae795d1b2241878dab4e{\ncolor:#ffffff;\nborder-color:#ffffff;\n}\n.avia-svg-icon.av-6vwkok-7269967530d2ae795d1b2241878dab4e svg:first-child{\nstroke:#ffffff;\nfill:#ffffff;\n}\n.av_font_icon.av-6vwkok-7269967530d2ae795d1b2241878dab4e .av-icon-char{\nfont-size:60px;\n}\n<\/style>\n<span  class='av_font_icon av-6vwkok-7269967530d2ae795d1b2241878dab4e avia_animate_when_visible av-icon-style- avia-icon-pos-center avia-svg-icon avia-font-svg_entypo-fontello avia-icon-animate'><span class='av-icon-char' data-av_svg_icon='book' data-av_iconset='svg_entypo-fontello' ><svg version=\"1.1\" xmlns=\"http:\/\/www.w3.org\/2000\/svg\" width=\"22\" height=\"32\" viewBox=\"0 0 22 32\" preserveAspectRatio=\"xMidYMid meet\" aria-labelledby='av-svg-title-1' aria-describedby='av-svg-desc-1' role=\"graphics-symbol\" aria-hidden=\"true\">\n<title id='av-svg-title-1'>Book<\/title>\n<desc id='av-svg-desc-1'>Book<\/desc>\n<path d=\"M21.824 8.192q0.576 0.256 0.576 0.896v17.984q0 0.448-0.384 0.8t-0.896 0.352q-1.472 0-1.472-1.152v-16.704q0-0.384-0.384-0.576l-12.928-6.912q-1.024-0.32-2.176 0.32-1.408 0.64-1.792 1.408l13.056 7.296q0.576 0.256 0.576 0.896v17.6q0 0.704-0.576 0.896-0.192 0.128-0.512 0.128-0.448 0-0.64-0.128-0.256-0.192-6.464-4.064t-6.784-4.192q-0.832-0.576-0.832-1.088l-0.192-16.768q0-0.896 0.448-1.664 0.896-1.472 3.264-2.464t3.712-0.288z\"><\/path>\n<\/svg><\/span><\/span><br \/>\n\n<style type=\"text\/css\" data-created_by=\"avia_inline_auto\" id=\"style-css-av-6nje38-14efb326d269d5c556de218f6c1969f9\">\n#top .hr.hr-invisible.av-6nje38-14efb326d269d5c556de218f6c1969f9{\nheight:20px;\n}\n<\/style>\n<div  class='hr av-6nje38-14efb326d269d5c556de218f6c1969f9 hr-invisible  avia-builder-el-9  el_after_av_font_icon  el_before_av_textblock '><span class='hr-inner '><span class=\"hr-inner-style\"><\/span><\/span><\/div><br \/>\n\n<style type=\"text\/css\" data-created_by=\"avia_inline_auto\" id=\"style-css-av-6lfpjw-83ccf9ac7edb83684576484a84378e7a\">\n#top .av_textblock_section.av-6lfpjw-83ccf9ac7edb83684576484a84378e7a .avia_textblock{\ncolor:#ffffff;\n}\n<\/style>\n<section  class='av_textblock_section av-6lfpjw-83ccf9ac7edb83684576484a84378e7a '   itemscope=\"itemscope\" itemtype=\"https:\/\/schema.org\/CreativeWork\" ><div class='avia_textblock av_inherit_color'  itemprop=\"text\" ><h4 class=\"center\" style=\"text-align: center;\">Ver estatutos completos<\/h4>\n<p style=\"text-align: justify;\">El texto total del presente Estatuto fue aprobado en la LXXXV Asamblea General Extraordinaria de Delegados de la Cooperativa de Servidores P\u00fablicos &#8211;\u00a0<b>COOMINOBRAS<\/b>, celebrada el s\u00e1bado 17 de Noviembre de 2018..<\/p>\n<\/div><\/section><br \/>\n\n<style type=\"text\/css\" data-created_by=\"avia_inline_auto\" id=\"style-css-av-6fwjss-1021c636de1e43adc3da69009d8807ad\">\n#top .hr.hr-invisible.av-6fwjss-1021c636de1e43adc3da69009d8807ad{\nheight:8px;\n}\n<\/style>\n<div  class='hr av-6fwjss-1021c636de1e43adc3da69009d8807ad hr-invisible  avia-builder-el-11  el_after_av_textblock  el_before_av_button '><span class='hr-inner '><span class=\"hr-inner-style\"><\/span><\/span><\/div><br \/>\n<div  class='avia-button-wrap av-67lzcc-cfb34b438a2dcaf43f4b180cb9629673-wrap avia-button-center  avia-builder-el-12  el_after_av_hr  avia-builder-el-last '><a href='https:\/\/coominobras.coop\/wp-content\/uploads\/2026\/01\/ESTATUTOS_2019.pdf'  class='avia-button av-67lzcc-cfb34b438a2dcaf43f4b180cb9629673 av-link-btn avia-icon_select-no avia-size-medium avia-position-center avia-color-light'  target=\"_blank\"  rel=\"noopener noreferrer\"  aria-label=\"Descargar\"><span class='avia_iconbox_title' >Descargar<\/span><\/a><\/div><\/p><\/div>\n<style type=\"text\/css\" data-created_by=\"avia_inline_auto\" id=\"style-css-av-649z4k-e9f9cfa1d8a2f5dd8c70e993f2c68dfd\">\n#top .flex_column_table.av-equal-height-column-flextable.av-649z4k-e9f9cfa1d8a2f5dd8c70e993f2c68dfd{\nmargin-top:-200px;\nmargin-bottom:0px;\n}\n.flex_column.av-649z4k-e9f9cfa1d8a2f5dd8c70e993f2c68dfd{\nborder-radius:0px 0px 0px 0px;\npadding:40px 40px 40px 40px;\n}\n<\/style>\n<div  class='flex_column av-649z4k-e9f9cfa1d8a2f5dd8c70e993f2c68dfd av_one_third  avia-builder-el-13  el_after_av_one_third  avia-builder-el-last  no_margin flex_column_table_cell av-equal-height-column av-align-top  '     ><\/div><\/div><!--close column table wrapper. Autoclose: 1 --><\/div><\/div><\/div><!-- close content main div --><\/div><\/div><div id='after_section_1'  class='main_color av_default_container_wrap container_wrap sidebar_right'  ><div class='container av-section-cont-open' ><div class='template-page content  av-content-small alpha units'><div class='post-entry post-entry-type-page post-entry-948'><div class='entry-content-wrapper clearfix'>\n","protected":false},"excerpt":{"rendered":"","protected":false},"author":1,"featured_media":0,"parent":957,"menu_order":0,"comment_status":"closed","ping_status":"closed","template":"","meta":{"footnotes":""},"class_list":["post-948","page","type-page","status-publish","hentry"],"_links":{"self":[{"href":"https:\/\/coominobras.coop\/index.php\/wp-json\/wp\/v2\/pages\/948","targetHints":{"allow":["GET"]}}],"collection":[{"href":"https:\/\/coominobras.coop\/index.php\/wp-json\/wp\/v2\/pages"}],"about":[{"href":"https:\/\/coominobras.coop\/index.php\/wp-json\/wp\/v2\/types\/page"}],"author":[{"embeddable":true,"href":"https:\/\/coominobras.coop\/index.php\/wp-json\/wp\/v2\/users\/1"}],"replies":[{"embeddable":true,"href":"https:\/\/coominobras.coop\/index.php\/wp-json\/wp\/v2\/comments?post=948"}],"version-history":[{"count":14,"href":"https:\/\/coominobras.coop\/index.php\/wp-json\/wp\/v2\/pages\/948\/revisions"}],"predecessor-version":[{"id":1604,"href":"https:\/\/coominobras.coop\/index.php\/wp-json\/wp\/v2\/pages\/948\/revisions\/1604"}],"up":[{"embeddable":true,"href":"https:\/\/coominobras.coop\/index.php\/wp-json\/wp\/v2\/pages\/957"}],"wp:attachment":[{"href":"https:\/\/coominobras.coop\/index.php\/wp-json\/wp\/v2\/media?parent=948"}],"curies":[{"name":"wp","href":"https:\/\/api.w.org\/{rel}","templated":true}]}}