{"id":954,"date":"2016-07-15T14:19:56","date_gmt":"2016-07-15T14:19:56","guid":{"rendered":"http:\/\/test.kriesi.at\/enfold-medical\/?page_id=954"},"modified":"2026-03-17T21:12:23","modified_gmt":"2026-03-17T21:12:23","slug":"contact","status":"publish","type":"page","link":"https:\/\/coominobras.coop\/index.php\/contact\/","title":{"rendered":"Contacto"},"content":{"rendered":"<div  class='av_gmaps_sc_main_wrap av_gmaps_main_wrap '><div id='av_gmap_0' class='avia-google-map-container avia-google-map-sc av_gmaps_show_unconditionally av-no-fallback-img ' data-mapid='av_gmap_0'  style='height: 500px;'><a class=\"av_gmaps_browser_disabled av_text_confirm_link av_text_confirm_link_visible\" href=\"https:\/\/www.google.com\/maps\/search\/?api=1&#038;query=Calle%2044%20#%2057-28%2021054%20bogota%20cundinamarca%20Colombia\" target=\"_blank\">Maps were disabled by the visitor on this site. Click to open the map in a new window.<\/a><\/div><\/div>\n<div id='av-layout-grid-1'  class='av-layout-grid-container av-3znmz6-f261ea6a19a67a36367cd24bf4acbbb7 entry-content-wrapper main_color av-fixed-cells  avia-builder-el-1  el_after_av_google_map  el_before_av_section  grid-row-not-first  container_wrap sidebar_right'  >\n\n<style type=\"text\/css\" data-created_by=\"avia_inline_auto\" id=\"style-css-av-3tm3yi-dad4a5293462e847f9e3fbcd0e7ee1ef\">\n.flex_cell.av-3tm3yi-dad4a5293462e847f9e3fbcd0e7ee1ef{\nvertical-align:top;\nbackground-color:#2388c2;\n}\n.responsive #top #wrap_all .flex_cell.av-3tm3yi-dad4a5293462e847f9e3fbcd0e7ee1ef{\npadding:9px 0px 0px 0px !important;\n}\n<\/style>\n<div class='flex_cell av-3tm3yi-dad4a5293462e847f9e3fbcd0e7ee1ef av-gridrow-cell av_one_half no_margin  avia-builder-el-2  el_before_av_cell_one_half  avia-builder-el-first  content-align-top'  ><div class='flex_cell_inner'><\/div><\/div>\n<style type=\"text\/css\" data-created_by=\"avia_inline_auto\" id=\"style-css-av-3oe4ze-a22eeeb78c1937874b12297651a5b323\">\n.flex_cell.av-3oe4ze-a22eeeb78c1937874b12297651a5b323{\nvertical-align:top;\nbackground-color:#5fb4e4;\n}\n.responsive #top #wrap_all .flex_cell.av-3oe4ze-a22eeeb78c1937874b12297651a5b323{\npadding:9px 0px 0px 0px !important;\n}\n<\/style>\n<div class='flex_cell av-3oe4ze-a22eeeb78c1937874b12297651a5b323 av-gridrow-cell av_one_half no_margin  avia-builder-el-3  el_after_av_cell_one_half  avia-builder-el-last  content-align-top'  ><div class='flex_cell_inner'><\/div><\/div>\n<\/div>\n<div id='av_section_1'  class='avia-section av-3l6hei-9e92f5c2cce57d4994724d096a8d9fcd main_color avia-section-huge avia-no-border-styling  avia-builder-el-4  el_after_av_layout_row  avia-builder-el-last  avia-bg-style-scroll container_wrap sidebar_right'  ><div class='container av-section-cont-open' ><div class='template-page content  av-content-small alpha units'><div class='post-entry post-entry-type-page post-entry-954'><div class='entry-content-wrapper clearfix'>\n<div class='flex_column_table av-3c2jui-9527d25cb2c7bd95f5ef1cd1fd17b6fc sc-av_one_third av-equal-height-column-flextable'>\n<style type=\"text\/css\" data-created_by=\"avia_inline_auto\" id=\"style-css-av-3c2jui-9527d25cb2c7bd95f5ef1cd1fd17b6fc\">\n#top .flex_column_table.av-equal-height-column-flextable.av-3c2jui-9527d25cb2c7bd95f5ef1cd1fd17b6fc{\nmargin-top:-200px;\nmargin-bottom:0px;\n}\n.flex_column.av-3c2jui-9527d25cb2c7bd95f5ef1cd1fd17b6fc{\nborder-radius:0px 0px 0px 0px;\npadding:40px 40px 40px 40px;\n}\n<\/style>\n<div  class='flex_column av-3c2jui-9527d25cb2c7bd95f5ef1cd1fd17b6fc av_one_third  avia-builder-el-5  el_before_av_one_third  avia-builder-el-first  first no_margin flex_column_table_cell av-equal-height-column av-align-top  '     ><\/div>\n<style type=\"text\/css\" data-created_by=\"avia_inline_auto\" id=\"style-css-av-36owea-20aac5896004fa01fec76296dec5089e\">\n#top .flex_column_table.av-equal-height-column-flextable.av-36owea-20aac5896004fa01fec76296dec5089e{\nmargin-top:-200px;\nmargin-bottom:0px;\n}\n.flex_column.av-36owea-20aac5896004fa01fec76296dec5089e{\nborder-radius:0px 0px 0px 0px;\npadding:40px 40px 40px 40px;\nbackground-color:#0d8717;\n}\n<\/style>\n<div  class='flex_column av-36owea-20aac5896004fa01fec76296dec5089e av_one_third  avia-builder-el-6  el_after_av_one_third  el_before_av_one_third  no_margin flex_column_table_cell av-equal-height-column av-align-top  '     ><p>\n<style type=\"text\/css\" data-created_by=\"avia_inline_auto\" id=\"style-css-av-31ak96-11f85e1d2cc029da16fee4c641fbd581\">\n.av_font_icon.av-31ak96-11f85e1d2cc029da16fee4c641fbd581{\ncolor:#ffffff;\nborder-color:#ffffff;\n}\n.avia-svg-icon.av-31ak96-11f85e1d2cc029da16fee4c641fbd581 svg:first-child{\nstroke:#ffffff;\nfill:#ffffff;\n}\n.av_font_icon.av-31ak96-11f85e1d2cc029da16fee4c641fbd581 .av-icon-char{\nfont-size:60px;\nline-height:60px;\n}\n<\/style>\n<span  class='av_font_icon av-31ak96-11f85e1d2cc029da16fee4c641fbd581 avia_animate_when_visible av-icon-style- avia-icon-pos-center avia-iconfont avia-font-flaticon avia-icon-animate'><span class='av-icon-char' data-av_icon='\uf106' data-av_iconfont='flaticon' aria-hidden=\"true\" ><\/span><\/span><br \/>\n\n<style type=\"text\/css\" data-created_by=\"avia_inline_auto\" id=\"style-css-av-2xaldu-e6db00254b813ef2a18fa60160df9a0f\">\n#top .hr.hr-invisible.av-2xaldu-e6db00254b813ef2a18fa60160df9a0f{\nheight:20px;\n}\n<\/style>\n<div  class='hr av-2xaldu-e6db00254b813ef2a18fa60160df9a0f hr-invisible  avia-builder-el-8  el_after_av_font_icon  el_before_av_textblock '><span class='hr-inner '><span class=\"hr-inner-style\"><\/span><\/span><\/div><br \/>\n\n<style type=\"text\/css\" data-created_by=\"avia_inline_auto\" id=\"style-css-av-2smvkq-7cc9cfa5b252a5490901def18fe04f8a\">\n#top .av_textblock_section.av-2smvkq-7cc9cfa5b252a5490901def18fe04f8a .avia_textblock{\ncolor:#ffffff;\n}\n<\/style>\n<section  class='av_textblock_section av-2smvkq-7cc9cfa5b252a5490901def18fe04f8a '   itemscope=\"itemscope\" itemtype=\"https:\/\/schema.org\/CreativeWork\" ><div class='avia_textblock av_inherit_color'  itemprop=\"text\" ><h4 style=\"text-align: center;\">Cont\u00e1ctanos<\/h4>\n<p style=\"text-align: center;\">Estamos para ayudarte<\/p>\n<\/div><\/section><br \/>\n\n<style type=\"text\/css\" data-created_by=\"avia_inline_auto\" id=\"style-css-av-2k722q-1b520c8807031e038a631f590fdf4a83\">\n#top .hr.hr-invisible.av-2k722q-1b520c8807031e038a631f590fdf4a83{\nheight:8px;\n}\n<\/style>\n<div  class='hr av-2k722q-1b520c8807031e038a631f590fdf4a83 hr-invisible  avia-builder-el-10  el_after_av_textblock  avia-builder-el-last '><span class='hr-inner '><span class=\"hr-inner-style\"><\/span><\/span><\/div><\/p><\/div>\n<style type=\"text\/css\" data-created_by=\"avia_inline_auto\" id=\"style-css-av-2dptgy-9e88d814e0959b2a5c5bfcf9ed385c94\">\n#top .flex_column_table.av-equal-height-column-flextable.av-2dptgy-9e88d814e0959b2a5c5bfcf9ed385c94{\nmargin-top:-200px;\nmargin-bottom:0px;\n}\n.flex_column.av-2dptgy-9e88d814e0959b2a5c5bfcf9ed385c94{\nborder-radius:0px 0px 0px 0px;\npadding:40px 40px 40px 40px;\n}\n<\/style>\n<div  class='flex_column av-2dptgy-9e88d814e0959b2a5c5bfcf9ed385c94 av_one_third  avia-builder-el-11  el_after_av_one_third  el_before_av_one_half  no_margin flex_column_table_cell av-equal-height-column av-align-top  '     ><\/div><\/div><!--close column table wrapper. Autoclose: 1 -->\n<style type=\"text\/css\" data-created_by=\"avia_inline_auto\" id=\"style-css-av-2aeuai-c97da7fe26da5abaa7f262ec83eeea2b\">\n.flex_column.av-2aeuai-c97da7fe26da5abaa7f262ec83eeea2b{\nborder-radius:0px 0px 0px 0px;\npadding:0px 0px 0px 0px;\n}\n<\/style>\n<div  class='flex_column av-2aeuai-c97da7fe26da5abaa7f262ec83eeea2b av_one_half  avia-builder-el-12  el_after_av_one_third  el_before_av_one_half  first flex_column_div av-animated-generic bottom-to-top av-zero-column-padding  column-top-margin'     ><p>\n<style type=\"text\/css\" data-created_by=\"avia_inline_auto\" id=\"style-css-av-21rl1m-d9dc7891a8cb6add2c5d70d8dcba5516\">\n#top .av-special-heading.av-21rl1m-d9dc7891a8cb6add2c5d70d8dcba5516{\npadding-bottom:20px;\nfont-size:34px;\n}\nbody .av-special-heading.av-21rl1m-d9dc7891a8cb6add2c5d70d8dcba5516 .av-special-heading-tag .heading-char{\nfont-size:25px;\n}\n#top #wrap_all .av-special-heading.av-21rl1m-d9dc7891a8cb6add2c5d70d8dcba5516 .av-special-heading-tag{\nfont-size:34px;\n}\n.av-special-heading.av-21rl1m-d9dc7891a8cb6add2c5d70d8dcba5516 .av-subheading{\nfont-size:15px;\n}\n\n@media only screen and (min-width: 480px) and (max-width: 767px){ \n#top #wrap_all .av-special-heading.av-21rl1m-d9dc7891a8cb6add2c5d70d8dcba5516 .av-special-heading-tag{\nfont-size:0.8em;\n}\n}\n\n@media only screen and (max-width: 479px){ \n#top #wrap_all .av-special-heading.av-21rl1m-d9dc7891a8cb6add2c5d70d8dcba5516 .av-special-heading-tag{\nfont-size:0.8em;\n}\n}\n<\/style>\n<div  class='av-special-heading av-21rl1m-d9dc7891a8cb6add2c5d70d8dcba5516 av-special-heading-h3 blockquote modern-quote  avia-builder-el-13  el_before_av_contact  avia-builder-el-first  av-inherit-size'><div class='av-subheading av-subheading_above'><p>En qu\u00e9 podemos ayudarte?<\/p>\n<\/div><h3 class='av-special-heading-tag '  itemprop=\"headline\"  >Env\u00edanos un mensaje<\/h3><div class=\"special-heading-border\"><div class=\"special-heading-inner-border\"><\/div><\/div><\/div><br \/>\n<form action=\"https:\/\/coominobras.coop\/index.php\/contact\/\" method=\"post\" data-fields-with-error=\"Found errors in the following field(s):\" class=\"avia_ajax_form av-form-labels-hidden   avia-builder-el-14  el_after_av_heading  avia-builder-el-last   \" data-avia-form-id=\"1\" data-avia-redirect=''  aria-label='Formulario de contacto' ><fieldset><p class='  first_form  form_element form_element_half' id='element_avia_1_1'><label for=\"avia_1_1\">Nombre <abbr class=\"required\" title=\"requerido\">*<\/abbr><\/label> <input name=\"avia_1_1\" class=\"text_input is_empty\" type=\"text\" id=\"avia_1_1\" value=\"\"  placeholder='Nombre*'\/><\/p><p class='  form_element form_element_half' id='element_avia_2_1'><label for=\"avia_2_1\">E-Mail <abbr class=\"required\" title=\"requerido\">*<\/abbr><\/label> <input name=\"avia_2_1\" class=\"text_input is_email\" type=\"text\" id=\"avia_2_1\" value=\"\"  placeholder='E-Mail*'\/><\/p><p class='  first_form  form_element form_fullwidth' id='element_avia_3_1'><label for=\"avia_3_1\">Asunto <abbr class=\"required\" title=\"requerido\">*<\/abbr><\/label> <input name=\"avia_3_1\" class=\"text_input is_empty\" type=\"text\" id=\"avia_3_1\" value=\"\"  placeholder='Asunto*'\/><\/p><p class='  first_form  form_element form_fullwidth' id='element_avia_4_1'><label for=\"avia_4_1\" class=\"textare_label hidden textare_label_avia_4_1\">Mensaje <abbr class=\"required\" title=\"requerido\">*<\/abbr><\/label><textarea  placeholder='Mensaje*' name=\"avia_4_1\" class=\"text_area is_empty\" cols=\"40\" rows=\"7\" id=\"avia_4_1\" ><\/textarea><\/p><p class='  first_form  form_element form_fullwidth av-last-visible-form-element' id='element_avia_5_1'><input  name=\"avia_5_1\" class=\"input_checkbox is_empty\" type=\"checkbox\" id=\"avia_5_1\" value=\"true\"\/><label class=\"input_checkbox_label\" for=\"avia_5_1\">Tratamiento de datos <abbr class=\"required\" title=\"requerido\">*<\/abbr><\/label><\/p><p class=\"hidden\"><input type=\"text\" name=\"avia_6_1\" class=\"hidden \" id=\"avia_6_1\" value=\"\" \/><\/p><p class=\"form_element \"><input type=\"hidden\" value=\"1\" name=\"avia_generated_form1\" \/><input type=\"submit\" value=\"Enviar\" class=\"button\"  data-sending-label=\"Enviando\"\/><\/p><\/fieldset><\/form><div id=\"ajaxresponse_1\" class=\"ajaxresponse ajaxresponse_1 hidden\"><\/div><\/p><\/div>\n<style type=\"text\/css\" data-created_by=\"avia_inline_auto\" id=\"style-css-av-2rmdu-6ba2d797a6b373f7cbf42c11d2765b0b\">\n.flex_column.av-2rmdu-6ba2d797a6b373f7cbf42c11d2765b0b{\nborder-radius:0px 0px 0px 0px;\npadding:0px 0px 0px 0px;\n}\n<\/style>\n<div  class='flex_column av-2rmdu-6ba2d797a6b373f7cbf42c11d2765b0b av_one_half  avia-builder-el-15  el_after_av_one_half  el_before_av_heading  flex_column_div av-animated-generic bottom-to-top av-zero-column-padding  column-top-margin'     ><p>\n<style type=\"text\/css\" data-created_by=\"avia_inline_auto\" id=\"style-css-av-1x3ma-ea9bb7157e42e68884a0fda52900f011\">\n#top .av-special-heading.av-1x3ma-ea9bb7157e42e68884a0fda52900f011{\npadding-bottom:20px;\nfont-size:34px;\n}\nbody .av-special-heading.av-1x3ma-ea9bb7157e42e68884a0fda52900f011 .av-special-heading-tag .heading-char{\nfont-size:25px;\n}\n#top #wrap_all .av-special-heading.av-1x3ma-ea9bb7157e42e68884a0fda52900f011 .av-special-heading-tag{\nfont-size:34px;\n}\n.av-special-heading.av-1x3ma-ea9bb7157e42e68884a0fda52900f011 .av-subheading{\nfont-size:15px;\n}\n\n@media only screen and (min-width: 480px) and (max-width: 767px){ \n#top #wrap_all .av-special-heading.av-1x3ma-ea9bb7157e42e68884a0fda52900f011 .av-special-heading-tag{\nfont-size:0.8em;\n}\n}\n\n@media only screen and (max-width: 479px){ \n#top #wrap_all .av-special-heading.av-1x3ma-ea9bb7157e42e68884a0fda52900f011 .av-special-heading-tag{\nfont-size:0.8em;\n}\n}\n<\/style>\n<div  class='av-special-heading av-1x3ma-ea9bb7157e42e68884a0fda52900f011 av-special-heading-h3 blockquote modern-quote  avia-builder-el-16  el_before_av_textblock  avia-builder-el-first  av-inherit-size'><div class='av-subheading av-subheading_above'><p>NUESTRAS DIRECCIONES.<\/p>\n<\/div><h3 class='av-special-heading-tag '  itemprop=\"headline\"  >D\u00f3nde puedes conseguirnos<\/h3><div class=\"special-heading-border\"><div class=\"special-heading-inner-border\"><\/div><\/div><\/div><br \/>\n\n<style type=\"text\/css\" data-created_by=\"avia_inline_auto\" id=\"style-css-av-hrf96-696282d095ec59c2d4ef26c22f981b40\">\n#top .av_textblock_section.av-hrf96-696282d095ec59c2d4ef26c22f981b40 .avia_textblock{\ncolor:#000000;\n}\n<\/style>\n<section  class='av_textblock_section av-hrf96-696282d095ec59c2d4ef26c22f981b40 '   itemscope=\"itemscope\" itemtype=\"https:\/\/schema.org\/CreativeWork\" ><div class='avia_textblock av_inherit_color'  itemprop=\"text\" ><p><strong>Barrio la esmeralda COOMINOBRAS\u00a0<\/strong><\/p>\n<p><span data-contrast=\"auto\">Calle 44 # 57-28<\/span><span data-contrast=\"auto\">\u00a0<\/span><span data-ccp-props=\"{}\">\u00a0<\/span><\/p>\n<p><strong>whatsapp\u00a0<\/strong><\/p>\n<p><span data-contrast=\"auto\">Celular:\u00a0310 3011742<\/span><\/p>\n<p>PBX 3158555<br \/>\nCll44 # 57-28 bogota<\/p>\n<\/div><\/section><br \/>\n\n<style type=\"text\/css\" data-created_by=\"avia_inline_auto\" id=\"style-css-av-a23gi-beb4f4b8e09be5b065db7d0727d4a07e\">\n#top .av_textblock_section.av-a23gi-beb4f4b8e09be5b065db7d0727d4a07e .avia_textblock{\ncolor:#000000;\n}\n<\/style>\n<section  class='av_textblock_section av-a23gi-beb4f4b8e09be5b065db7d0727d4a07e '   itemscope=\"itemscope\" itemtype=\"https:\/\/schema.org\/CreativeWork\" ><div class='avia_textblock av_inherit_color'  itemprop=\"text\" ><p style=\"text-align: justify;\">En Coominobras estamos listos para atenderte. Si tienes preguntas sobre nuestros servicios de aportes, cr\u00e9dito o deseas vincularte, cont\u00e1ctanos y uno de nuestros asesores te brindar\u00e1 la informaci\u00f3n que necesitas para acompa\u00f1arte en tu crecimiento financiero.<\/p>\n<\/div><\/section><\/p><\/div>\n<style type=\"text\/css\" data-created_by=\"avia_inline_auto\" id=\"style-css-av-mlv3bto1-3487bd0971a99fa4ce73e13bf3798d17\">\n#top .av-special-heading.av-mlv3bto1-3487bd0971a99fa4ce73e13bf3798d17{\npadding-bottom:10px;\n}\nbody .av-special-heading.av-mlv3bto1-3487bd0971a99fa4ce73e13bf3798d17 .av-special-heading-tag .heading-char{\nfont-size:25px;\n}\n.av-special-heading.av-mlv3bto1-3487bd0971a99fa4ce73e13bf3798d17 .av-subheading{\nfont-size:15px;\n}\n<\/style>\n<div  class='av-special-heading av-mlv3bto1-3487bd0971a99fa4ce73e13bf3798d17 av-special-heading-h3  avia-builder-el-19  el_after_av_one_half  el_before_av_textblock '><h3 class='av-special-heading-tag '  itemprop=\"headline\"  >Medios de registro PQRS<\/h3><div class=\"special-heading-border\"><div class=\"special-heading-inner-border\"><\/div><\/div><\/div>\n\n<style type=\"text\/css\" data-created_by=\"avia_inline_auto\" id=\"style-css-av-mlv3cgm5-c48ea03e0ad2fac60ae73c3035f8d092\">\n#top .av_textblock_section.av-mlv3cgm5-c48ea03e0ad2fac60ae73c3035f8d092 .avia_textblock{\ncolor:#000000;\ntext-align:justify;\n}\n<\/style>\n<section  class='av_textblock_section av-mlv3cgm5-c48ea03e0ad2fac60ae73c3035f8d092 '   itemscope=\"itemscope\" itemtype=\"https:\/\/schema.org\/CreativeWork\" ><div class='avia_textblock av_inherit_color'  itemprop=\"text\" ><p>Para nosotros es muy importante conocer su opini\u00f3n sobre nuestros servicios, para mejorarlos continuamente.<\/p>\n<p>Por eso lo invitamos a registrar su petici\u00f3n, queja, reclamo o sugerencia en los medios que ha dispuesto la Cooperativa como son:<\/p>\n<ul>\n<li>Acceso\u00a0<a href=\"https:\/\/coominobras.coop\/index.php\/contact\/\" data-dismiss=\"modal\" data-toggle=\"modal\" data-target=\"#pqr\">aqu\u00ed<\/a> o en <strong>PQRS<\/strong>\u00a0en el costado derecho<\/li>\n<li>Correo electr\u00f3nico:\u00a0<a href=\"mailto:primeroelasociado@coominobras.coop\">primeroelasociado@coominobras.coop<\/a><\/li>\n<li>Direcci\u00f3n: Calle 44 No. 57-28<\/li>\n<\/ul>\n<\/div><\/section>\n<\/div><\/div><\/div><!-- close content main div --><\/div><\/div><div id='after_section_1'  class='main_color av_default_container_wrap container_wrap sidebar_right'  ><div class='container av-section-cont-open' ><div class='template-page content  av-content-small alpha units'><div class='post-entry post-entry-type-page post-entry-954'><div class='entry-content-wrapper clearfix'>\n","protected":false},"excerpt":{"rendered":"","protected":false},"author":1,"featured_media":0,"parent":0,"menu_order":0,"comment_status":"closed","ping_status":"closed","template":"","meta":{"footnotes":""},"class_list":["post-954","page","type-page","status-publish","hentry"],"_links":{"self":[{"href":"https:\/\/coominobras.coop\/index.php\/wp-json\/wp\/v2\/pages\/954","targetHints":{"allow":["GET"]}}],"collection":[{"href":"https:\/\/coominobras.coop\/index.php\/wp-json\/wp\/v2\/pages"}],"about":[{"href":"https:\/\/coominobras.coop\/index.php\/wp-json\/wp\/v2\/types\/page"}],"author":[{"embeddable":true,"href":"https:\/\/coominobras.coop\/index.php\/wp-json\/wp\/v2\/users\/1"}],"replies":[{"embeddable":true,"href":"https:\/\/coominobras.coop\/index.php\/wp-json\/wp\/v2\/comments?post=954"}],"version-history":[{"count":22,"href":"https:\/\/coominobras.coop\/index.php\/wp-json\/wp\/v2\/pages\/954\/revisions"}],"predecessor-version":[{"id":1630,"href":"https:\/\/coominobras.coop\/index.php\/wp-json\/wp\/v2\/pages\/954\/revisions\/1630"}],"wp:attachment":[{"href":"https:\/\/coominobras.coop\/index.php\/wp-json\/wp\/v2\/media?parent=954"}],"curies":[{"name":"wp","href":"https:\/\/api.w.org\/{rel}","templated":true}]}}